{"id":3037,"date":"2026-02-19T16:47:51","date_gmt":"2026-02-19T16:47:51","guid":{"rendered":"https:\/\/tw0909.com\/?page_id=3037"},"modified":"2026-02-19T17:45:00","modified_gmt":"2026-02-19T17:45:00","slug":"thiet-bi-lao-hoa-chat-long","status":"publish","type":"page","link":"https:\/\/tw0909.com\/vi\/thiet-bi-lao-hoa-chat-long\/","title":{"rendered":"Thi\u1ebft b\u1ecb l\u00e3o h\u00f3a ch\u1ea5t l\u1ecfng"},"content":{"rendered":"<div data-elementor-type=\"wp-page\" data-elementor-id=\"3037\" class=\"elementor elementor-3037\" data-elementor-post-type=\"page\">\n\t\t\t\t<div class=\"elementor-element elementor-element-5d13bc4 e-flex e-con-boxed e-con e-parent\" data-id=\"5d13bc4\" data-element_type=\"container\">\n\t\t\t\t\t<div class=\"e-con-inner\">\n\t\t\t\t<div class=\"elementor-element elementor-element-e98112a elementor-widget elementor-widget-hfe-breadcrumbs-widget\" data-id=\"e98112a\" data-element_type=\"widget\" data-widget_type=\"hfe-breadcrumbs-widget.default\">\n\t\t\t\t<div class=\"elementor-widget-container\">\n\t\t\t\t\t<nav aria-label=\"\u0110\u01b0\u1eddng d\u1eabn b\u00e1nh m\u00ec\"><ul class=\"hfe-breadcrumbs hfe-breadcrumbs-show-home\"><li class=\"hfe-breadcrumbs-item hfe-breadcrumbs-first\"><span class=\"hfe-breadcrumbs-home-icon\"><i aria-hidden=\"true\" class=\"fas fa-home\"><\/i><\/span><a href=\"https:\/\/tw0909.com\/vi\"><span class=\"hfe-breadcrumbs-text\">Trang ch\u1ee7<\/span><\/a><\/li><\/ul><\/nav>\t\t\t\t<\/div>\n\t\t\t\t<\/div>\n\t\t\t\t\t<\/div>\n\t\t\t\t<\/div>\n\t\t<div class=\"elementor-element elementor-element-648dbfc e-flex e-con-boxed e-con e-parent\" data-id=\"648dbfc\" data-element_type=\"container\">\n\t\t\t\t\t<div class=\"e-con-inner\">\n\t\t<div class=\"elementor-element elementor-element-3a460ab e-con-full e-flex e-con e-child\" data-id=\"3a460ab\" data-element_type=\"container\">\n\t\t<div class=\"elementor-element elementor-element-a71ca11 e-con-full e-flex e-con e-child\" data-id=\"a71ca11\" data-element_type=\"container\">\n\t\t\t\t<div class=\"elementor-element elementor-element-1be478e elementor-widget elementor-widget-heading\" data-id=\"1be478e\" data-element_type=\"widget\" data-widget_type=\"heading.default\">\n\t\t\t\t<div class=\"elementor-widget-container\">\n\t\t\t\t\t<h4 class=\"elementor-heading-title elementor-size-default\">Thi\u1ebft b\u1ecb l\u00e3o h\u00f3a ch\u1ea5t l\u1ecfng<\/h4>\t\t\t\t<\/div>\n\t\t\t\t<\/div>\n\t\t\t\t<div class=\"elementor-element elementor-element-41a67a0 elementor-widget elementor-widget-heading\" data-id=\"41a67a0\" data-element_type=\"widget\" data-widget_type=\"heading.default\">\n\t\t\t\t<div class=\"elementor-widget-container\">\n\t\t\t\t\t<h2 class=\"elementor-heading-title elementor-size-default\">V\u00f2ng xoay Sufi<\/h2>\t\t\t\t<\/div>\n\t\t\t\t<\/div>\n\t\t\t\t<div class=\"elementor-element elementor-element-8f7261b elementor-widget elementor-widget-image\" data-id=\"8f7261b\" data-element_type=\"widget\" data-widget_type=\"image.default\">\n\t\t\t\t<div class=\"elementor-widget-container\">\n\t\t\t\t\t\t\t\t\t\t\t\t\t\t\t<img fetchpriority=\"high\" decoding=\"async\" width=\"658\" height=\"768\" src=\"https:\/\/tw0909.com\/wp-content\/uploads\/2026\/02\/spinning-sufi.png\" class=\"attachment-large size-large wp-image-3040\" alt=\"\" srcset=\"https:\/\/tw0909.com\/wp-content\/uploads\/2026\/02\/spinning-sufi.png 658w, https:\/\/tw0909.com\/wp-content\/uploads\/2026\/02\/spinning-sufi-257x300.png 257w, https:\/\/tw0909.com\/wp-content\/uploads\/2026\/02\/spinning-sufi-10x12.png 10w\" sizes=\"(max-width: 658px) 100vw, 658px\" \/>\t\t\t\t\t\t\t\t\t\t\t\t\t\t\t<\/div>\n\t\t\t\t<\/div>\n\t\t\t\t<div class=\"elementor-element elementor-element-671c33d elementor-widget elementor-widget-text-editor\" data-id=\"671c33d\" data-element_type=\"widget\" data-widget_type=\"text-editor.default\">\n\t\t\t\t<div class=\"elementor-widget-container\">\n\t\t\t\t\t\t\t\t\t<p data-start=\"170\" data-end=\"374\">C\u00e1c nh\u00e0 khoa h\u1ecdc t\u1ea1i <span class=\"hover:entity-accent entity-underline inline cursor-pointer align-baseline\"><span class=\"whitespace-normal\">Tr\u01b0\u1eddng \u0110\u1ea1i h\u1ecdc Southampton<\/span><\/span> X\u00e1c nh\u1eadn m\u1ed9t l\u00fd thuy\u1ebft \u0111\u00e3 \u0111\u01b0\u1ee3c \u0111\u1ec1 xu\u1ea5t l\u1ea7n \u0111\u1ea7u ti\u00ean c\u00e1ch \u0111\u00e2y 50 n\u0103m.<br data-start=\"282\" data-end=\"285\" \/>Nghi\u00ean c\u1ee9u c\u1ee7a h\u1ecd cho th\u1ea5y r\u1eb1ng vi\u1ec7c quay c\u00e1c v\u1eadt th\u1ec3 c\u00f3 th\u1ec3 t\u0103ng c\u01b0\u1eddng n\u0103ng l\u01b0\u1ee3ng trong m\u1ed9t s\u1ed1 \u0111i\u1ec1u ki\u1ec7n nh\u1ea5t \u0111\u1ecbnh.<\/p><p data-start=\"376\" data-end=\"442\">L\u00fd thuy\u1ebft n\u00e0y \u0111\u01b0\u1ee3c g\u1ecdi l\u00e0 <span class=\"hover:entity-accent entity-underline inline cursor-pointer align-baseline\"><span class=\"whitespace-normal\">Hi\u1ec7u \u1ee9ng Zel\u2019dovich<\/span><\/span>.<\/p><p data-start=\"444\" data-end=\"610\">Trong v\u1eadt l\u00fd, hi\u1ec7u \u1ee9ng n\u00e0y gi\u1ea3i th\u00edch r\u1eb1ng s\u1ef1 quay l\u00e0 m\u1ed9t \u0111i\u1ec1u ki\u1ec7n quan tr\u1ecdng cho vi\u1ec7c khu\u1ebfch \u0111\u1ea1i n\u0103ng l\u01b0\u1ee3ng.<br data-start=\"542\" data-end=\"545\" \/>Khi m\u1ed9t v\u1eadt th\u1ec3 quay, c\u00e1c t\u01b0\u01a1ng t\u00e1c n\u0103ng l\u01b0\u1ee3ng xung quanh n\u00f3 c\u00f3 th\u1ec3 thay \u0111\u1ed5i.<\/p>\t\t\t\t\t\t\t\t<\/div>\n\t\t\t\t<\/div>\n\t\t\t\t<\/div>\n\t\t<div class=\"elementor-element elementor-element-7674d73 e-con-full e-flex e-con e-child\" data-id=\"7674d73\" data-element_type=\"container\">\n\t\t\t\t<div class=\"elementor-element elementor-element-e9fda31 elementor-widget elementor-widget-heading\" data-id=\"e9fda31\" data-element_type=\"widget\" data-widget_type=\"heading.default\">\n\t\t\t\t<div class=\"elementor-widget-container\">\n\t\t\t\t\t<h2 class=\"elementor-heading-title elementor-size-default\">S\u1ef1 xoay v\u00f2ng trong c\u00e1c h\u1ec7 th\u1ed1ng t\u1ef1 nhi\u00ean<\/h2>\t\t\t\t<\/div>\n\t\t\t\t<\/div>\n\t\t\t\t<div class=\"elementor-element elementor-element-51bd28a elementor-widget elementor-widget-text-editor\" data-id=\"51bd28a\" data-element_type=\"widget\" data-widget_type=\"text-editor.default\">\n\t\t\t\t<div class=\"elementor-widget-container\">\n\t\t\t\t\t\t\t\t\t<p data-start=\"649\" data-end=\"743\">S\u1ef1 xoay v\u00f2ng l\u00e0 hi\u1ec7n t\u01b0\u1ee3ng ph\u1ed5 bi\u1ebfn trong c\u00e1c h\u1ec7 th\u1ed1ng t\u1ef1 nhi\u00ean.<br data-start=\"687\" data-end=\"690\" \/>Nhi\u1ec1u h\u1ec7 th\u1ed1ng \u1ed5n \u0111\u1ecbnh s\u1eed d\u1ee5ng c\u01a1 ch\u1ebf xoay \u0111\u1ec3 duy tr\u00ec c\u00e2n b\u1eb1ng.<\/p><p data-start=\"745\" data-end=\"763\">Xoay c\u00f3 th\u1ec3 gi\u00fap:<\/p><ul data-start=\"765\" data-end=\"922\"><li data-start=\"765\" data-end=\"803\"><p data-start=\"767\" data-end=\"803\">B\u1ea3o \u0111\u1ea3m t\u00ednh \u1ed5n \u0111\u1ecbnh c\u1ee7a h\u1ec7 th\u1ed1ng<\/p><\/li><li data-start=\"804\" data-end=\"829\"><p data-start=\"806\" data-end=\"829\">Gi\u1ea3i ph\u00f3ng n\u0103ng l\u01b0\u1ee3ng d\u01b0 th\u1eeba<\/p><\/li><li data-start=\"830\" data-end=\"875\"><p data-start=\"832\" data-end=\"875\">T\u01b0\u01a1ng t\u00e1c v\u1edbi m\u00f4i tr\u01b0\u1eddng xung quanh<\/p><\/li><li data-start=\"876\" data-end=\"922\"><p data-start=\"878\" data-end=\"922\">Gi\u1ea3m thi\u1ec3u t\u00e1c \u0111\u1ed9ng c\u1ee7a c\u00e1c y\u1ebfu t\u1ed1 nhi\u1ec5u t\u1eeb b\u00ean ngo\u00e0i.<\/p><\/li><\/ul><p data-start=\"924\" data-end=\"1085\">V\u00f2ng quay ng\u01b0\u1ee3c chi\u1ec1u kim \u0111\u1ed3ng h\u1ed3 th\u01b0\u1eddng \u0111\u01b0\u1ee3c li\u00ean k\u1ebft v\u1edbi chuy\u1ec3n \u0111\u1ed9ng ra ngo\u00e0i v\u00e0 s\u1ef1 gi\u1ea3i ph\u00f3ng.<br data-start=\"1004\" data-end=\"1007\" \/>N\u00f3 \u0111\u00f4i khi \u0111\u01b0\u1ee3c m\u00f4 t\u1ea3 l\u00e0 m\u1ed9t chuy\u1ec3n \u0111\u1ed9ng l\u00e0m s\u1ea1ch trong c\u00e1c kh\u00e1i ni\u1ec7m n\u0103ng l\u01b0\u1ee3ng truy\u1ec1n th\u1ed1ng.<\/p>\t\t\t\t\t\t\t\t<\/div>\n\t\t\t\t<\/div>\n\t\t\t\t<div class=\"elementor-element elementor-element-af885ad elementor-widget-divider--view-line elementor-widget elementor-widget-divider\" data-id=\"af885ad\" data-element_type=\"widget\" data-widget_type=\"divider.default\">\n\t\t\t\t<div class=\"elementor-widget-container\">\n\t\t\t\t\t\t\t<div class=\"elementor-divider\">\n\t\t\t<span class=\"elementor-divider-separator\">\n\t\t\t\t\t\t<\/span>\n\t\t<\/div>\n\t\t\t\t\t\t<\/div>\n\t\t\t\t<\/div>\n\t\t\t\t<div class=\"elementor-element elementor-element-9d1830f elementor-widget elementor-widget-heading\" data-id=\"9d1830f\" data-element_type=\"widget\" data-widget_type=\"heading.default\">\n\t\t\t\t<div class=\"elementor-widget-container\">\n\t\t\t\t\t<h2 class=\"elementor-heading-title elementor-size-default\">\u1ee8ng d\u1ee5ng trong x\u1eed l\u00fd ch\u1ea5t l\u1ecfng<\/h2>\t\t\t\t<\/div>\n\t\t\t\t<\/div>\n\t\t\t\t<div class=\"elementor-element elementor-element-c7e21fa elementor-widget elementor-widget-text-editor\" data-id=\"c7e21fa\" data-element_type=\"widget\" data-widget_type=\"text-editor.default\">\n\t\t\t\t<div class=\"elementor-widget-container\">\n\t\t\t\t\t\t\t\t\t<p data-start=\"1129\" data-end=\"1227\">Spinning Sufi \u0111\u01b0\u1ee3c l\u1ea5y c\u1ea3m h\u1ee9ng t\u1eeb chuy\u1ec3n \u0111\u1ed9ng xoay tr\u00f2n trong l\u1ec5 Sema c\u1ee7a truy\u1ec1n th\u1ed1ng Sufi Th\u1ed5 Nh\u0129 K\u1ef3.<\/p><p data-start=\"1229\" data-end=\"1386\">Thi\u1ebft b\u1ecb \u0111\u01b0\u1ee3c thi\u1ebft k\u1ebf \u0111\u1ec3 quay ch\u1ea5t l\u1ecfng b\u00ean trong m\u1ed9t b\u00ecnh ch\u1ee9a c\u00f3 h\u00ecnh d\u1ea1ng \u0111\u1eb7c bi\u1ec7t.<br data-start=\"1305\" data-end=\"1308\" \/>Khi ch\u1ea5t l\u1ecfng quay b\u00ean trong b\u00ecnh ch\u1ee9a, n\u00f3 t\u1ea1o ra n\u0103ng l\u01b0\u1ee3ng \u0111\u1ed9ng h\u1ecdc \u0111\u01b0\u1ee3c ki\u1ec3m so\u00e1t.<\/p><p data-start=\"1388\" data-end=\"1530\">\u0110\u1ed9ng t\u00e1c n\u00e0y l\u00e0m t\u0103ng s\u1ef1 ti\u1ebfp x\u00fac trong ch\u1ea5t l\u1ecfng.<br data-start=\"1438\" data-end=\"1441\" \/>N\u00f3 gi\u00fap t\u00edch h\u1ee3p c\u00e1c th\u00e0nh ph\u1ea7n m\u1ed9t c\u00e1ch \u0111\u1ed3ng \u0111\u1ec1u h\u01a1n.<br data-start=\"1483\" data-end=\"1486\" \/>N\u00f3 c\u00f3 th\u1ec3 l\u00e0m m\u1ec1m c\u00e1c v\u1ecb g\u1eaft ho\u1eb7c cay n\u1ed3ng trong h\u01b0\u01a1ng v\u1ecb.<\/p><p data-start=\"1532\" data-end=\"1712\">Thi\u1ebft b\u1ecb \u0111\u00e3 \u0111\u01b0\u1ee3c th\u1eed nghi\u1ec7m tr\u00ean nhi\u1ec1u lo\u1ea1i ch\u1ea5t l\u1ecfng, bao g\u1ed3m r\u01b0\u1ee3u vang, r\u01b0\u1ee3u m\u1ea1nh, n\u01b0\u1edbc t\u01b0\u01a1ng v\u00e0 tr\u00e0.<br data-start=\"1624\" data-end=\"1627\" \/>K\u1ebft qu\u1ea3 cho th\u1ea5y nh\u1eefng thay \u0111\u1ed5i c\u00f3 th\u1ec3 \u0111o l\u01b0\u1eddng \u0111\u01b0\u1ee3c t\u01b0\u01a1ng t\u1ef1 nh\u01b0 nh\u1eefng thay \u0111\u1ed5i \u0111\u01b0\u1ee3c t\u00ecm th\u1ea5y trong c\u00e1c ch\u1ea5t l\u1ecfng \u0111\u01b0\u1ee3c \u1ee7 t\u1ef1 nhi\u00ean.<\/p><p data-start=\"1714\" data-end=\"1818\">C\u00e1c th\u1eed nghi\u1ec7m trong ph\u00f2ng th\u00ed nghi\u1ec7m \u0111\u00e3 \u0111\u01b0\u1ee3c th\u1ef1c hi\u1ec7n \u0111\u1ec3 ph\u00e2n t\u00edch nh\u1eefng thay \u0111\u1ed5i n\u00e0y.<br data-start=\"1777\" data-end=\"1780\" \/>C\u00f4ng ngh\u1ec7 n\u00e0y \u0111\u01b0\u1ee3c b\u1ea3o h\u1ed9 b\u1eb1ng b\u1eb1ng s\u00e1ng ch\u1ebf.<\/p>\t\t\t\t\t\t\t\t<\/div>\n\t\t\t\t<\/div>\n\t\t\t\t<\/div>\n\t\t\t\t<\/div>\n\t\t\t\t\t<\/div>\n\t\t\t\t<\/div>\n\t\t<div class=\"elementor-element elementor-element-a255bb1 e-grid e-con-boxed e-con e-parent\" data-id=\"a255bb1\" data-element_type=\"container\">\n\t\t\t\t\t<div class=\"e-con-inner\">\n\t\t\t\t<div class=\"elementor-element elementor-element-dc4dc3d elementor-widget elementor-widget-image\" data-id=\"dc4dc3d\" data-element_type=\"widget\" data-widget_type=\"image.default\">\n\t\t\t\t<div class=\"elementor-widget-container\">\n\t\t\t\t\t\t\t\t\t\t\t\t\t\t\t<img decoding=\"async\" width=\"1024\" height=\"782\" src=\"https:\/\/tw0909.com\/wp-content\/uploads\/2026\/02\/Pre-and-Post-Treatment-Data-Comparison-sufi-1024x782.png\" class=\"attachment-large size-large wp-image-3052\" alt=\"\" srcset=\"https:\/\/tw0909.com\/wp-content\/uploads\/2026\/02\/Pre-and-Post-Treatment-Data-Comparison-sufi-1024x782.png 1024w, https:\/\/tw0909.com\/wp-content\/uploads\/2026\/02\/Pre-and-Post-Treatment-Data-Comparison-sufi-300x229.png 300w, https:\/\/tw0909.com\/wp-content\/uploads\/2026\/02\/Pre-and-Post-Treatment-Data-Comparison-sufi-768x587.png 768w, https:\/\/tw0909.com\/wp-content\/uploads\/2026\/02\/Pre-and-Post-Treatment-Data-Comparison-sufi-1536x1173.png 1536w, https:\/\/tw0909.com\/wp-content\/uploads\/2026\/02\/Pre-and-Post-Treatment-Data-Comparison-sufi-scaled.png 2048w, https:\/\/tw0909.com\/wp-content\/uploads\/2026\/02\/Pre-and-Post-Treatment-Data-Comparison-sufi-16x12.png 16w\" sizes=\"(max-width: 1024px) 100vw, 1024px\" \/>\t\t\t\t\t\t\t\t\t\t\t\t\t\t\t<\/div>\n\t\t\t\t<\/div>\n\t\t\t\t<div class=\"elementor-element elementor-element-6253b4e elementor-widget elementor-widget-heading\" data-id=\"6253b4e\" data-element_type=\"widget\" data-widget_type=\"heading.default\">\n\t\t\t\t<div class=\"elementor-widget-container\">\n\t\t\t\t\t<h5 class=\"elementor-heading-title elementor-size-default\">B\u00e1o c\u00e1o d\u1eef li\u1ec7u th\u00ed nghi\u1ec7m ban \u0111\u1ea7u<\/h5>\t\t\t\t<\/div>\n\t\t\t\t<\/div>\n\t\t\t\t\t<\/div>\n\t\t\t\t<\/div>\n\t\t<div class=\"elementor-element elementor-element-2b2341c e-flex e-con-boxed e-con e-parent\" data-id=\"2b2341c\" data-element_type=\"container\">\n\t\t\t\t\t<div class=\"e-con-inner\">\n\t\t\t\t<div class=\"elementor-element elementor-element-fc8a985 elementor-widget elementor-widget-text-editor\" data-id=\"fc8a985\" data-element_type=\"widget\" data-widget_type=\"text-editor.default\">\n\t\t\t\t<div class=\"elementor-widget-container\">\n\t\t\t\t\t\t\t\t\t<p>Trong \u0111\u1ed3 u\u1ed1ng c\u00f3 c\u1ed3n ch\u1ee9a h\u00e0ng ch\u1ee5c lo\u1ea1i axit, este v\u00e0 c\u1ed3n, v\u00e0 ch\u00fang \u1ea3nh h\u01b0\u1edfng \u0111\u1ebfn h\u01b0\u01a1ng v\u1ecb v\u00e0 m\u00f9i th\u01a1m c\u1ee7a \u0111\u1ed3 u\u1ed1ng. Sau qu\u00e1 tr\u00ecnh th\u1eed nghi\u1ec7m, ngo\u00e0i vi\u1ec7c l\u00e0m cho \u0111\u1ed3 u\u1ed1ng m\u01b0\u1ee3t m\u00e0 h\u01a1n, m\u00f9i th\u01a1m c\u1ee7a este c\u0169ng \u0111\u01b0\u1ee3c t\u0103ng c\u01b0\u1eddng. \u0110i\u1ec1u quan tr\u1ecdng nh\u1ea5t l\u00e0 h\u00e0m l\u01b0\u1ee3ng methanol v\u00e0 c\u00e1c lo\u1ea1i c\u1ed3n cao h\u01a1n\u2014nh\u1eefng ch\u1ea5t g\u00e2y nguy hi\u1ec3m nh\u1ea5t cho s\u1ee9c kh\u1ecfe con ng\u01b0\u1eddi\u2014\u0111\u00e3 \u0111\u01b0\u1ee3c gi\u1ea3m \u0111\u00e1ng k\u1ec3.<\/p>\t\t\t\t\t\t\t\t<\/div>\n\t\t\t\t<\/div>\n\t\t\t\t\t<\/div>\n\t\t\t\t<\/div>\n\t\t<div class=\"elementor-element elementor-element-96c24f2 e-flex e-con-boxed e-con e-parent\" data-id=\"96c24f2\" data-element_type=\"container\">\n\t\t\t\t\t<div class=\"e-con-inner\">\n\t\t\t\t<div class=\"elementor-element elementor-element-f911124 elementor-widget elementor-widget-html\" data-id=\"f911124\" data-element_type=\"widget\" data-widget_type=\"html.default\">\n\t\t\t\t<div class=\"elementor-widget-container\">\n\t\t\t\t\t<div class=\"table-container\">\n  <h2 class=\"table-title\">\n    So s\u00e1nh d\u1eef li\u1ec7u tr\u01b0\u1edbc v\u00e0 sau \u0111i\u1ec1u tr\u1ecb c\u1ee7a TEXT Baijiu\n  <\/h2>\n\n  <div class=\"table-responsive\">\n    <table id=\"baijiuTable\" class=\"display nowrap\" style=\"width:100%\">\n      <thead>\n        <tr>\n          <th>T\u00ean<\/th>\n          <th>Tr\u01b0\u1edbc (mg\/L)<\/th>\n          <th>Sau (mg\/L)<\/th>\n          <th>S\u1ef1 mi\u00eau t\u1ea3<\/th>\n        <\/tr>\n      <\/thead>\n      <tbody>\n\n<tr><td>Acetaldehyde<\/td><td>100.05407<\/td><td>100.31268<\/td><td>\u1ea2nh h\u01b0\u1edfng \u0111\u1ebfn h\u01b0\u01a1ng th\u01a1m<\/td><\/tr>\n<tr><td>Isobutyraldehyde<\/td><td>2.87533<\/td><td>2.95931<\/td><td><\/td><\/tr>\n<tr><td>Acetat etyl<\/td><td>663.02333<\/td><td>667.14393<\/td><td>Gi\u00e1 tr\u1ecb este cao h\u01a1n cho th\u1ea5y ch\u1ea5t l\u01b0\u1ee3ng r\u01b0\u1ee3u t\u1ed1t h\u01a1n.<\/td><\/tr>\n<tr><td>Acetal<\/td><td>63.31758<\/td><td>64.97036<\/td><td>Gi\u00e1 tr\u1ecb este cao h\u01a1n cho th\u1ea5y ch\u1ea5t l\u01b0\u1ee3ng r\u01b0\u1ee3u t\u1ed1t h\u01a1n.<\/td><\/tr>\n<tr><td>Methanol<\/td><td>25.57876<\/td><td>25.11954<\/td><td>M\u1ee9c \u0111\u1ed9 cao c\u00f3 th\u1ec3 g\u00e2y h\u1ea1i cho h\u1ec7 th\u1ea7n kinh trung \u01b0\u01a1ng v\u00e0 th\u1ecb l\u1ef1c.<\/td><\/tr>\n<tr><td>Ti\u00eau chu\u1ea9n n\u1ed9i b\u1ed9 1<\/td><td>161.504<\/td><td>161.504<\/td><td><\/td><\/tr>\n<tr><td>Ethyl butyrate<\/td><td>126.05159<\/td><td>126.37652<\/td><td>Gi\u00e1 tr\u1ecb este cao h\u01a1n cho th\u1ea5y ch\u1ea5t l\u01b0\u1ee3ng r\u01b0\u1ee3u t\u1ed1t h\u01a1n.<\/td><\/tr>\n<tr><td>n-Propanol<\/td><td>117.91773<\/td><td>116.15096<\/td><td>C\u1ed3n fusel; c\u00f3 th\u1ec3 g\u00e2y v\u1ecb \u0111\u1eafng.<\/td><\/tr>\n<tr><td>Diethoxymethylbutan<\/td><td>3.05624<\/td><td>2.9207<\/td><td><\/td><\/tr>\n<tr><td>Isobutanol<\/td><td>49.92094<\/td><td>49.03517<\/td><td>C\u1ed3n fusel; c\u00f3 th\u1ec3 g\u00e2y v\u1ecb \u0111\u1eafng.<\/td><\/tr>\n<tr><td>Axit isooamyl<\/td><td>7.29786<\/td><td>7.23396<\/td><td><\/td><\/tr>\n<tr><td>Ethyl valerat<\/td><td>4.35426<\/td><td>4.2514<\/td><td><\/td><\/tr>\n<tr><td>n-Butanol<\/td><td>18.94111<\/td><td>18.57193<\/td><td>C\u1ed3n fusel; c\u00f3 th\u1ec3 g\u00e2y v\u1ecb \u0111\u1eafng.<\/td><\/tr>\n<tr><td>Ti\u00eau chu\u1ea9n n\u1ed9i b\u1ed9 2<\/td><td>201.36000<\/td><td>201.36000<\/td><td><\/td><\/tr>\n<tr><td>C\u1ed3n isoamyl 1<\/td><td>24.00941<\/td><td>22.76228<\/td><td>C\u1ed3n fusel; c\u00f3 th\u1ec3 g\u00e2y v\u1ecb \u0111\u1eafng.<\/td><\/tr>\n<tr><td>C\u1ed3n isoamyl 2<\/td><td>101.92524<\/td><td>99.78084<\/td><td>C\u1ed3n fusel; c\u00f3 th\u1ec3 g\u00e2y v\u1ecb \u0111\u1eafng.<\/td><\/tr>\n<tr><td>Ethyl hexanoat<\/td><td>1215.18816<\/td><td>1212.39251<\/td><td>\u0110\u01b0\u1ee3c gi\u1ea3i ph\u00f3ng t\u1eeb c\u00e1c ngu\u1ed3n ng\u0169 c\u1ed1c<\/td><\/tr>\n<tr><td>n-Pentanol<\/td><td>3.28112<\/td><td>3.14888<\/td><td>C\u1ed3n fusel; c\u00f3 th\u1ec3 g\u00e2y m\u00f9i h\u00f4i.<\/td><\/tr>\n<tr><td>Acetoin<\/td><td>25.04177<\/td><td>23.69444<\/td><td><\/td><\/tr>\n<tr><td>Ethyl heptanoat<\/td><td>3.01871<\/td><td>3.06651<\/td><td><\/td><\/tr>\n<tr><td>Axit lactic ethyl<\/td><td>695.48976<\/td><td>694.33158<\/td><td>N\u1ed3ng \u0111\u1ed9 cao g\u00e2y ra v\u1ecb chua.<\/td><\/tr>\n<tr><td>n-Hexanol<\/td><td>6.9865<\/td><td>7.41536<\/td><td><\/td><\/tr>\n<tr><td>Ethyl octanoat<\/td><td>3.53656<\/td><td>3.01735<\/td><td><\/td><\/tr>\n<tr><td>Axit axetic<\/td><td>676.73143<\/td><td>610.55081<\/td><td>M\u1ee9c \u0111\u1ed9 cao l\u00e0m t\u0103ng \u0111\u1ed9 s\u1eafc n\u00e9t.<\/td><\/tr>\n<tr><td>Furfural<\/td><td>13.96297<\/td><td>14.87088<\/td><td><\/td><\/tr>\n<tr><td>Ti\u00eau chu\u1ea9n n\u1ed9i b\u1ed9 3<\/td><td>120.71000<\/td><td>120.71<\/td><td><\/td><\/tr>\n<tr><td>Ethyl nonanoat<\/td><td>1.56631<\/td><td>1.7503<\/td><td><\/td><\/tr>\n<tr><td>Benzaldehyd<\/td><td>2.20787<\/td><td>2.621<\/td><td><\/td><\/tr>\n<tr><td>Axit propionic<\/td><td>17.48081<\/td><td>16.16127<\/td><td><\/td><\/tr>\n<tr><td>2,3-Butanediol<\/td><td>8.35476<\/td><td>5.55723<\/td><td>C\u1ed3n fusel; c\u00f3 th\u1ec3 g\u00e2y v\u1ecb \u0111\u1eafng.<\/td><\/tr>\n<tr><td>Axit isobutyric<\/td><td>3.11454<\/td><td>2.49035<\/td><td><\/td><\/tr>\n<tr><td>Axit butyric<\/td><td>128.29798<\/td><td>123.54106<\/td><td>Gi\u00e1 tr\u1ecb cao g\u00e2y ra m\u00f9i kh\u00f3 ch\u1ecbu.<\/td><\/tr>\n<tr><td>Ethyl decanoat<\/td><td>1.73627<\/td><td>1.63051<\/td><td><\/td><\/tr>\n<tr><td>Axit isovaleric<\/td><td>2.61038<\/td><td>Kh\u00f4ng c\u00f3 d\u1eef li\u1ec7u<\/td><td><\/td><\/tr>\n<tr><td>Diethyl succinate<\/td><td>6.50199<\/td><td>7.15172<\/td><td><\/td><\/tr>\n<tr><td>Axit valeric<\/td><td>5.6976<\/td><td>6.78768<\/td><td>\u0110\u01b0\u1ee3c l\u00e0m t\u1eeb h\u01b0\u01a1ng li\u1ec7u pha tr\u1ed9n.<\/td><\/tr>\n<tr><td>C\u1ed3n furfuryl<\/td><td>Kh\u00f4ng c\u00f3 d\u1eef li\u1ec7u<\/td><td>1.62979<\/td><td><\/td><\/tr>\n<tr><td>Ethyl phenylacetat<\/td><td>Kh\u00f4ng c\u00f3 d\u1eef li\u1ec7u<\/td><td>1.56358<\/td><td><\/td><\/tr>\n<tr><td>Axit hexanoic<\/td><td>452.57252<\/td><td>415.30408<\/td><td><\/td><\/tr>\n<tr><td>\u03b2-Phenyl ethanol<\/td><td>5.5708<\/td><td>4.81502<\/td><td><\/td><\/tr>\n<tr><td>Axit heptanoic<\/td><td>6.16246<\/td><td>12.41075<\/td><td>\u0110\u01b0\u1ee3c l\u00e0m t\u1eeb h\u01b0\u01a1ng li\u1ec7u pha tr\u1ed9n.<\/td><\/tr>\n<tr><td>Axit octanoic<\/td><td>4.07875<\/td><td>2.93939<\/td><td>Nguy\u00ean nh\u00e2n g\u00e2y m\u00f9i d\u1ea7u<\/td><\/tr>\n<tr><td>Ethyl myristate<\/td><td>Kh\u00f4ng c\u00f3 d\u1eef li\u1ec7u<\/td><td>2.68709<\/td><td><\/td><\/tr>\n<tr><td>Palmitat etyl<\/td><td>Kh\u00f4ng c\u00f3 d\u1eef li\u1ec7u<\/td><td>4.74799<\/td><td><\/td><\/tr>\n<tr><td>Axit oleic ethyl este<\/td><td>Kh\u00f4ng c\u00f3 d\u1eef li\u1ec7u<\/td><td>3.86348<\/td><td><\/td><\/tr>\n<tr><td>Ethyl linoleat<\/td><td>Kh\u00f4ng c\u00f3 d\u1eef li\u1ec7u<\/td><td>9.00617<\/td><td><\/td><\/tr>\n\n      <\/tbody>\n    <\/table>\n  <\/div>\n\n  <div class=\"table-summary\">\n    <strong>T\u00f3m t\u1eaft:<\/strong><br>\n    Ph\u01b0\u01a1ng ph\u00e1p x\u1eed l\u00fd \u0111\u00e3 c\u1ea3i thi\u1ec7n \u0111\u1ed9 m\u1ecbn v\u00e0 h\u01b0\u01a1ng th\u01a1m. H\u01b0\u01a1ng th\u01a1m ester t\u0103ng l\u00ean. N\u1ed3ng \u0111\u1ed9 methanol v\u00e0 c\u1ed3n fusel gi\u1ea3m \u0111\u00e1ng k\u1ec3.\n  <\/div>\n  \n<\/div>\n\n\n  \n<\/div>\n<link rel=\"stylesheet\" href=\"https:\/\/cdn.datatables.net\/1.13.6\/css\/jquery.dataTables.min.css\"\/>\n\n<script src=\"https:\/\/code.jquery.com\/jquery-3.7.0.min.js\"><\/script>\n<script src=\"https:\/\/cdn.datatables.net\/1.13.6\/js\/jquery.dataTables.min.js\"><\/script>\n\n<script>\njQuery(document).ready(function($) {\n    $('#baijiuTable').DataTable({\n        responsive: true,\n        pageLength: 10,\n        order: [],\n        language: {\n            search: \"Search:\",\n            lengthMenu: \"Show _MENU_ entries\",\n            info: \"Showing _START_ to _END_ of _TOTAL_ entries\",\n            paginate: {\n                previous: \"Previous\",\n                next: \"Next\"\n            }\n        }\n    });\n});\n<\/script>\n\n\t\t\t\t<\/div>\n\t\t\t\t<\/div>\n\t\t\t\t\t<\/div>\n\t\t\t\t<\/div>\n\t\t\t\t<\/div>","protected":false},"excerpt":{"rendered":"<p>Home Liquid aging device Spinning Sufi Scientists at the University of Southampton confirmed a theory that was first proposed 50 years ago.Their research showed that rotating objects can increase energy under certain conditions. This theory is known as the Zel&#8217;dovich Effect. In physics, this effect explains that rotation is an important condition for energy amplification.When [&hellip;]<\/p>","protected":false},"author":1,"featured_media":0,"parent":0,"menu_order":0,"comment_status":"closed","ping_status":"closed","template":"","meta":{"site-sidebar-layout":"no-sidebar","site-content-layout":"page-builder","ast-site-content-layout":"full-width-container","site-content-style":"default","site-sidebar-style":"default","ast-global-header-display":"","ast-banner-title-visibility":"","ast-main-header-display":"","ast-hfb-above-header-display":"","ast-hfb-below-header-display":"","ast-hfb-mobile-header-display":"","site-post-title":"","ast-breadcrumbs-content":"","ast-featured-img":"disabled","footer-sml-layout":"","theme-transparent-header-meta":"","adv-header-id-meta":"","stick-header-meta":"","header-above-stick-meta":"","header-main-stick-meta":"","header-below-stick-meta":"","astra-migrate-meta-layouts":"set","ast-page-background-enabled":"default","ast-page-background-meta":{"desktop":{"background-color":"","background-image":"","background-repeat":"repeat","background-position":"center center","background-size":"auto","background-attachment":"scroll","background-type":"","background-media":"","overlay-type":"","overlay-color":"","overlay-opacity":"","overlay-gradient":""},"tablet":{"background-color":"","background-image":"","background-repeat":"repeat","background-position":"center center","background-size":"auto","background-attachment":"scroll","background-type":"","background-media":"","overlay-type":"","overlay-color":"","overlay-opacity":"","overlay-gradient":""},"mobile":{"background-color":"","background-image":"","background-repeat":"repeat","background-position":"center center","background-size":"auto","background-attachment":"scroll","background-type":"","background-media":"","overlay-type":"","overlay-color":"","overlay-opacity":"","overlay-gradient":""}},"ast-content-background-meta":{"desktop":{"background-color":"var(--ast-global-color-5)","background-image":"","background-repeat":"repeat","background-position":"center center","background-size":"auto","background-attachment":"scroll","background-type":"","background-media":"","overlay-type":"","overlay-color":"","overlay-opacity":"","overlay-gradient":""},"tablet":{"background-color":"var(--ast-global-color-5)","background-image":"","background-repeat":"repeat","background-position":"center center","background-size":"auto","background-attachment":"scroll","background-type":"","background-media":"","overlay-type":"","overlay-color":"","overlay-opacity":"","overlay-gradient":""},"mobile":{"background-color":"var(--ast-global-color-5)","background-image":"","background-repeat":"repeat","background-position":"center center","background-size":"auto","background-attachment":"scroll","background-type":"","background-media":"","overlay-type":"","overlay-color":"","overlay-opacity":"","overlay-gradient":""}},"footnotes":""},"class_list":["post-3037","page","type-page","status-publish","hentry"],"_links":{"self":[{"href":"https:\/\/tw0909.com\/vi\/wp-json\/wp\/v2\/pages\/3037","targetHints":{"allow":["GET"]}}],"collection":[{"href":"https:\/\/tw0909.com\/vi\/wp-json\/wp\/v2\/pages"}],"about":[{"href":"https:\/\/tw0909.com\/vi\/wp-json\/wp\/v2\/types\/page"}],"author":[{"embeddable":true,"href":"https:\/\/tw0909.com\/vi\/wp-json\/wp\/v2\/users\/1"}],"replies":[{"embeddable":true,"href":"https:\/\/tw0909.com\/vi\/wp-json\/wp\/v2\/comments?post=3037"}],"version-history":[{"count":28,"href":"https:\/\/tw0909.com\/vi\/wp-json\/wp\/v2\/pages\/3037\/revisions"}],"predecessor-version":[{"id":3072,"href":"https:\/\/tw0909.com\/vi\/wp-json\/wp\/v2\/pages\/3037\/revisions\/3072"}],"wp:attachment":[{"href":"https:\/\/tw0909.com\/vi\/wp-json\/wp\/v2\/media?parent=3037"}],"curies":[{"name":"wp","href":"https:\/\/api.w.org\/{rel}","templated":true}]}}