{"id":1520,"date":"2025-10-07T10:32:16","date_gmt":"2025-10-07T10:32:16","guid":{"rendered":"https:\/\/tw0909.com\/?page_id=1520"},"modified":"2025-10-10T07:31:56","modified_gmt":"2025-10-10T07:31:56","slug":"ruou-bia","status":"publish","type":"page","link":"https:\/\/tw0909.com\/vi\/ruou-bia\/","title":{"rendered":"R\u01b0\u1ee3u bia"},"content":{"rendered":"<div data-elementor-type=\"wp-page\" data-elementor-id=\"1520\" class=\"elementor elementor-1520\" data-elementor-post-type=\"page\">\n\t\t\t\t<div class=\"elementor-element elementor-element-5d13bc4 e-flex e-con-boxed e-con e-parent\" data-id=\"5d13bc4\" data-element_type=\"container\">\n\t\t\t\t\t<div class=\"e-con-inner\">\n\t\t\t\t<div class=\"elementor-element elementor-element-e98112a elementor-widget elementor-widget-hfe-breadcrumbs-widget\" data-id=\"e98112a\" data-element_type=\"widget\" data-widget_type=\"hfe-breadcrumbs-widget.default\">\n\t\t\t\t<div class=\"elementor-widget-container\">\n\t\t\t\t\t<nav aria-label=\"\u0110\u01b0\u1eddng d\u1eabn b\u00e1nh m\u00ec\"><ul class=\"hfe-breadcrumbs hfe-breadcrumbs-show-home\"><li class=\"hfe-breadcrumbs-item hfe-breadcrumbs-first\"><span class=\"hfe-breadcrumbs-home-icon\"><i aria-hidden=\"true\" class=\"fas fa-home\"><\/i><\/span><a href=\"https:\/\/tw0909.com\/vi\"><span class=\"hfe-breadcrumbs-text\">Trang ch\u1ee7<\/span><\/a><\/li><\/ul><\/nav>\t\t\t\t<\/div>\n\t\t\t\t<\/div>\n\t\t\t\t\t<\/div>\n\t\t\t\t<\/div>\n\t\t<div class=\"elementor-element elementor-element-e5923c6 e-flex e-con-boxed e-con e-parent\" data-id=\"e5923c6\" data-element_type=\"container\">\n\t\t\t\t\t<div class=\"e-con-inner\">\n\t\t<div class=\"elementor-element elementor-element-42f3b9f e-con-full animated-slow e-flex elementor-invisible e-con e-child\" data-id=\"42f3b9f\" data-element_type=\"container\" data-settings=\"{&quot;animation&quot;:&quot;fadeInLeft&quot;,&quot;animation_mobile&quot;:&quot;fadeInLeft&quot;}\">\n\t\t\t\t<div class=\"elementor-element elementor-element-cafa383 elementor-widget elementor-widget-image\" data-id=\"cafa383\" data-element_type=\"widget\" data-widget_type=\"image.default\">\n\t\t\t\t<div class=\"elementor-widget-container\">\n\t\t\t\t\t\t\t\t\t\t\t\t\t\t\t<img fetchpriority=\"high\" decoding=\"async\" width=\"768\" height=\"1024\" src=\"https:\/\/tw0909.com\/wp-content\/uploads\/2025\/10\/Get_Drunk_Together_Sake-768x1024.png\" class=\"attachment-large size-large wp-image-1522\" alt=\"\" srcset=\"https:\/\/tw0909.com\/wp-content\/uploads\/2025\/10\/Get_Drunk_Together_Sake-768x1023.png 768w, https:\/\/tw0909.com\/wp-content\/uploads\/2025\/10\/Get_Drunk_Together_Sake-225x300.png 225w, https:\/\/tw0909.com\/wp-content\/uploads\/2025\/10\/Get_Drunk_Together_Sake-9x12.png 9w, https:\/\/tw0909.com\/wp-content\/uploads\/2025\/10\/Get_Drunk_Together_Sake.png 800w\" sizes=\"(max-width: 768px) 100vw, 768px\" \/>\t\t\t\t\t\t\t\t\t\t\t\t\t\t\t<\/div>\n\t\t\t\t<\/div>\n\t\t\t\t<div class=\"elementor-element elementor-element-84a3c78 elementor-widget elementor-widget-heading\" data-id=\"84a3c78\" data-element_type=\"widget\" data-widget_type=\"heading.default\">\n\t\t\t\t<div class=\"elementor-widget-container\">\n\t\t\t\t\t<h2 class=\"elementor-heading-title elementor-size-default\">Yi Qi Zui - R\u01b0\u1ee3u sake<\/h2>\t\t\t\t<\/div>\n\t\t\t\t<\/div>\n\t\t\t\t<div class=\"elementor-element elementor-element-f270ce9 elementor-widget elementor-widget-text-editor\" data-id=\"f270ce9\" data-element_type=\"widget\" data-widget_type=\"text-editor.default\">\n\t\t\t\t<div class=\"elementor-widget-container\">\n\t\t\t\t\t\t\t\t\t<p>C\u00f4ng ty C\u00f4ng ngh\u1ec7 Sinh h\u1ecdc Wanglai \u0110\u00e0i Loan \u0111\u00e3 ch\u1ecdn g\u1ea1o th\u01a1m s\u1ed1 147 c\u1ee7a Cao H\u00f9ng \u0110\u1ea1i Li\u00eau, k\u1ebft h\u1ee3p h\u1ea1t g\u1ea1o h\u1ea3o h\u1ea1ng v\u1edbi d\u00f2ng men \u0111\u1ed9c \u0111\u00e1o v\u00e0 tay ngh\u1ec1 c\u1ee7a nh\u1eefng ng\u01b0\u1eddi n\u1ea5u r\u01b0\u1ee3u b\u1eadc th\u1ea7y. H\u1ecd s\u1eed d\u1ee5ng n\u01b0\u1edbc t\u1eeb t\u00ednh v\u00e0ng, chi\u1ebft xu\u1ea5t ng\u00e2m, l\u1ecdc ch\u00ednh x\u00e1c, kh\u1eed m\u00f9i, t\u1ea9y d\u1ea7u m\u1ee1 - nh\u1eefng c\u00f4ng \u0111o\u1ea1n t\u1ec9 m\u1ec9 m\u00e0 \u00edt ai c\u00f3 th\u1ec3 th\u1ef1c s\u1ef1 l\u00e0m \u0111\u01b0\u1ee3c. S\u1ef1 t\u1eadn t\u00e2m n\u00e0y \u0111\u00e3 n\u1ea3y sinh. <strong>Yi Qi Zui<\/strong>, m\u1ed9t s\u1ef1 tinh t\u1ebf hi\u1ebfm c\u00f3.<\/p><p>Qua th\u1eed nghi\u1ec7m, h\u01b0\u01a1ng v\u1ecb c\u1ee7a n\u00f3 \u0111\u00e3 b\u1ed9c l\u1ed9 m\u1ed9t v\u00f2ng cung s\u1ed1ng \u0111\u1ed9ng: ban \u0111\u1ea7u thoang tho\u1ea3ng h\u01b0\u01a1ng l\u00ea, r\u1ed3i t\u1eeb t\u1eeb chuy\u1ec3n sang h\u01b0\u01a1ng t\u00e1o, r\u1ed3i v\u1ea3i v\u00e0 \u0111\u00e0o tr\u1eafng, v\u00e0 cu\u1ed1i c\u00f9ng l\u1eafng \u0111\u1ecdng trong h\u01b0\u01a1ng m\u1eadn ch\u00edn m\u1ecdng. S\u1ef1 bi\u1ebfn \u0111\u1ed5i n\u00e0y th\u1eadt \u0111\u00e1ng kinh ng\u1ea1c\u2014kh\u00e1c h\u1eb3n v\u1edbi s\u1ef1 trong tr\u1ebbo \u0111\u01a1n \u0111i\u1ec7u c\u1ee7a nhi\u1ec1u lo\u1ea1i sake Nh\u1eadt B\u1ea3n. Ai m\u00e0 ng\u1edd \u0111\u01b0\u1ee3c g\u1ea1o \u0110\u00e0i Loan, qua b\u00e0n tay c\u1ee7a nh\u1eefng ngh\u1ec7 nh\u00e2n, l\u1ea1i c\u00f3 th\u1ec3 t\u1ea1o n\u00ean m\u1ed9t n\u1ed1t nh\u1ea1c r\u1ef1c r\u1ee1 \u0111\u1ebfn v\u1eady?<\/p><p>Cho d\u00f9 \u0111\u01b0\u1ee3c h\u00e2m n\u00f3ng nh\u1eb9 nh\u00e0ng hay \u0111\u01b0\u1ee3c ph\u1ee5c v\u1ee5 l\u1ea1nh, <strong>Yi Qi Zui<\/strong> H\u01b0\u01a1ng v\u1ecb c\u00e0ng th\u00eam ph\u1ee9c t\u1ea1p, m\u1ed9t kho t\u00e0ng h\u01b0\u01a1ng th\u01a1m v\u00e0 h\u01b0\u01a1ng v\u1ecb \u0111a t\u1ea7ng. Mong r\u1eb1ng n\u00f3 s\u1ebd cho th\u1ebf gi\u1edbi th\u1ea5y r\u1eb1ng \u0110\u00e0i Loan c\u0169ng c\u00f3 th\u1ec3 t\u1ea1o ra m\u1ed9t lo\u1ea1i sake th\u1ef1c s\u1ef1 tuy\u1ec7t v\u1eddi\u2014<strong>Yi Qi Zui<\/strong>.<\/p>\t\t\t\t\t\t\t\t<\/div>\n\t\t\t\t<\/div>\n\t\t\t\t<div class=\"elementor-element elementor-element-f777a48 elementor-widget elementor-widget-button\" data-id=\"f777a48\" data-element_type=\"widget\" data-widget_type=\"button.default\">\n\t\t\t\t<div class=\"elementor-widget-container\">\n\t\t\t\t\t\t\t\t\t<div class=\"elementor-button-wrapper\">\n\t\t\t\t\t<a class=\"elementor-button elementor-button-link elementor-size-sm\" href=\"mailto:tw09090911@gmail.com?subject=Sake%20Order%20Inquiry:%20Minimum%20Order%20Quantity,%20Shipping,%20and%20Guidelines.\">\n\t\t\t\t\t\t<span class=\"elementor-button-content-wrapper\">\n\t\t\t\t\t\t\t\t\t<span class=\"elementor-button-text\">\u0110\u1eb7t h\u00e0ng ngay<\/span>\n\t\t\t\t\t<\/span>\n\t\t\t\t\t<\/a>\n\t\t\t\t<\/div>\n\t\t\t\t\t\t\t\t<\/div>\n\t\t\t\t<\/div>\n\t\t\t\t<\/div>\n\t\t<div class=\"elementor-element elementor-element-df8960a e-con-full animated-slow e-flex elementor-invisible e-con e-child\" data-id=\"df8960a\" data-element_type=\"container\" data-settings=\"{&quot;animation&quot;:&quot;fadeInRight&quot;,&quot;animation_mobile&quot;:&quot;fadeInRight&quot;}\">\n\t\t\t\t<div class=\"elementor-element elementor-element-3c7964f elementor-widget elementor-widget-image\" data-id=\"3c7964f\" data-element_type=\"widget\" data-widget_type=\"image.default\">\n\t\t\t\t<div class=\"elementor-widget-container\">\n\t\t\t\t\t\t\t\t\t\t\t\t\t\t\t<img decoding=\"async\" width=\"768\" height=\"1024\" src=\"https:\/\/tw0909.com\/wp-content\/uploads\/2025\/10\/Strong_Burdock_Whisky-768x1024.png\" class=\"attachment-large size-large wp-image-1523\" alt=\"\" srcset=\"https:\/\/tw0909.com\/wp-content\/uploads\/2025\/10\/Strong_Burdock_Whisky-768x1023.png 768w, https:\/\/tw0909.com\/wp-content\/uploads\/2025\/10\/Strong_Burdock_Whisky-225x300.png 225w, https:\/\/tw0909.com\/wp-content\/uploads\/2025\/10\/Strong_Burdock_Whisky-9x12.png 9w, https:\/\/tw0909.com\/wp-content\/uploads\/2025\/10\/Strong_Burdock_Whisky.png 800w\" sizes=\"(max-width: 768px) 100vw, 768px\" \/>\t\t\t\t\t\t\t\t\t\t\t\t\t\t\t<\/div>\n\t\t\t\t<\/div>\n\t\t\t\t<div class=\"elementor-element elementor-element-5c634b7 elementor-widget elementor-widget-heading\" data-id=\"5c634b7\" data-element_type=\"widget\" data-widget_type=\"heading.default\">\n\t\t\t\t<div class=\"elementor-widget-container\">\n\t\t\t\t\t<h2 class=\"elementor-heading-title elementor-size-default\">R\u01b0\u1ee3u Whisky Strong Burdock<\/h2>\t\t\t\t<\/div>\n\t\t\t\t<\/div>\n\t\t\t\t<div class=\"elementor-element elementor-element-656ebee elementor-widget elementor-widget-text-editor\" data-id=\"656ebee\" data-element_type=\"widget\" data-widget_type=\"text-editor.default\">\n\t\t\t\t<div class=\"elementor-widget-container\">\n\t\t\t\t\t\t\t\t\t<p>Ng\u01b0u b\u00e0ng: m\u1ed9t b\u00e1u v\u1eadt khi\u00eam nh\u01b0\u1eddng t\u1eeb \u0111\u1ea5t m\u1eb9. Th\u01b0\u1eddng \u0111\u01b0\u1ee3c g\u1ecdi l\u00e0 &quot;nh\u00e2n s\u00e2m c\u1ee7a ng\u01b0\u1eddi ngh\u00e8o&quot;, gi\u00e1 c\u1ea3 ph\u1ea3i ch\u0103ng h\u01a1n nh\u00e2n s\u00e2m r\u1ea5t nhi\u1ec1u nh\u01b0ng l\u1ea1i ch\u1ee9a h\u00e0m l\u01b0\u1ee3ng dinh d\u01b0\u1ee1ng \u1ea5n t\u01b0\u1ee3ng. Ch\u00fang t\u00f4i \u0111\u00e3 truy\u1ec1n tinh ch\u1ea5t t\u1ef1 nhi\u00ean c\u1ee7a c\u00e2y ng\u01b0u b\u00e0ng v\u00e0o r\u01b0\u1ee3u whisky \u0111\u1ec3 t\u1ea1o n\u00ean tr\u1ea3i nghi\u1ec7m h\u01b0\u01a1ng v\u1ecb t\u01b0\u01a1i m\u1edbi, \u0111\u1eb7c tr\u01b0ng. H\u00e3y th\u01b0\u1edfng th\u1ee9c h\u01b0\u01a1ng v\u1ecb whisky c\u1ed5 \u0111i\u1ec3n h\u00f2a quy\u1ec7n c\u00f9ng chi\u1ec1u s\u00e2u \u0111\u1ed9c \u0111\u00e1o c\u1ee7a nguy\u00ean li\u1ec7u t\u1ef1 nhi\u00ean n\u00e0y.<\/p>\t\t\t\t\t\t\t\t<\/div>\n\t\t\t\t<\/div>\n\t\t\t\t<div class=\"elementor-element elementor-element-e1e1ac6 elementor-widget elementor-widget-n-accordion\" data-id=\"e1e1ac6\" data-element_type=\"widget\" data-settings=\"{&quot;default_state&quot;:&quot;expanded&quot;,&quot;max_items_expended&quot;:&quot;one&quot;,&quot;n_accordion_animation_duration&quot;:{&quot;unit&quot;:&quot;ms&quot;,&quot;size&quot;:400,&quot;sizes&quot;:[]}}\" data-widget_type=\"nested-accordion.default\">\n\t\t\t\t<div class=\"elementor-widget-container\">\n\t\t\t\t\t\t\t<div class=\"e-n-accordion\" aria-label=\"Accordion. M\u1edf li\u00ean k\u1ebft b\u1eb1ng ph\u00edm Enter ho\u1eb7c ph\u00edm c\u00e1ch, \u0111\u00f3ng b\u1eb1ng ph\u00edm Escape v\u00e0 \u0111i\u1ec1u h\u01b0\u1edbng b\u1eb1ng ph\u00edm m\u0169i t\u00ean\">\n\t\t\t\t\t\t<details id=\"e-n-accordion-item-2360\" class=\"e-n-accordion-item\" open>\n\t\t\t\t<summary class=\"e-n-accordion-item-title\" data-accordion-index=\"1\" tabindex=\"0\" aria-expanded=\"true\" aria-controls=\"e-n-accordion-item-2360\" >\n\t\t\t\t\t<span class='e-n-accordion-item-title-header'><div class=\"e-n-accordion-item-title-text\"> T\u1ea1i sao l\u1ea1i l\u00e0 ng\u01b0u b\u00e0ng? <\/div><\/span>\n\t\t\t\t\t\t\t<span class='e-n-accordion-item-title-icon'>\n\t\t\t<span class='e-opened' ><i aria-hidden=\"true\" class=\"fas fa-minus\"><\/i><\/span>\n\t\t\t<span class='e-closed'><i aria-hidden=\"true\" class=\"fas fa-plus\"><\/i><\/span>\n\t\t<\/span>\n\n\t\t\t\t\t\t<\/summary>\n\t\t\t\t<div role=\"region\" aria-labelledby=\"e-n-accordion-item-2360\" class=\"elementor-element elementor-element-5a45ea0 e-con-full e-flex e-con e-child\" data-id=\"5a45ea0\" data-element_type=\"container\">\n\t\t\t\t<div class=\"elementor-element elementor-element-047cee5 elementor-widget elementor-widget-text-editor\" data-id=\"047cee5\" data-element_type=\"widget\" data-widget_type=\"text-editor.default\">\n\t\t\t\t<div class=\"elementor-widget-container\">\n\t\t\t\t\t\t\t\t\t<ul><li>Gi\u00e0u dinh d\u01b0\u1ee1ng t\u1ef1 nhi\u00ean: Ch\u1ee9a nhi\u1ec1u ch\u1ea5t x\u01a1, carotenoid, protein, saponin v\u00e0 c\u00e1c kho\u00e1ng ch\u1ea5t thi\u1ebft y\u1ebfu bao g\u1ed3m canxi, ph\u1ed1t pho, s\u1eaft, magi\u00ea v\u00e0 k\u1ebdm.<\/li><li>Ch\u1ea5t x\u01a1 \u0111\u1eb7c bi\u1ec7t: Ng\u01b0u b\u00e0ng n\u1ed5i ti\u1ebfng v\u1edbi h\u00e0m l\u01b0\u1ee3ng ch\u1ea5t x\u01a1 cao \u0111\u00e1ng k\u1ec3. N\u00f3 ch\u1ee9a inulin, m\u1ed9t lo\u1ea1i prebiotic nu\u00f4i d\u01b0\u1ee1ng vi khu\u1ea9n \u0111\u01b0\u1eddng ru\u1ed9t c\u00f3 l\u1ee3i.<\/li><li>\u0110\u01b0\u1ee3c coi tr\u1ecdng \u1edf ph\u01b0\u01a1ng \u0110\u00f4ng: Th\u01b0\u1eddng \u0111\u01b0\u1ee3c v\u00ed nh\u01b0 nh\u00e2n s\u00e2m ch\u00e2u \u00c1, c\u00e2y ng\u01b0u b\u00e0ng \u0111\u01b0\u1ee3c coi tr\u1ecdng nh\u01b0 m\u1ed9t th\u00e0nh ph\u1ea7n l\u00e0nh m\u1ea1nh, d\u1ec5 ki\u1ebfm cho s\u1ee9c kh\u1ecfe h\u00e0ng ng\u00e0y.<\/li><\/ul>\t\t\t\t\t\t\t\t<\/div>\n\t\t\t\t<\/div>\n\t\t\t\t<\/div>\n\t\t\t\t\t<\/details>\n\t\t\t\t\t\t<details id=\"e-n-accordion-item-2361\" class=\"e-n-accordion-item\" >\n\t\t\t\t<summary class=\"e-n-accordion-item-title\" data-accordion-index=\"2\" tabindex=\"-1\" aria-expanded=\"false\" aria-controls=\"e-n-accordion-item-2361\" >\n\t\t\t\t\t<span class='e-n-accordion-item-title-header'><div class=\"e-n-accordion-item-title-text\"> Nh\u1eefng \u0111i\u1ec3m n\u1ed5i b\u1eadt v\u1ec1 dinh d\u01b0\u1ee1ng <\/div><\/span>\n\t\t\t\t\t\t\t<span class='e-n-accordion-item-title-icon'>\n\t\t\t<span class='e-opened' ><i aria-hidden=\"true\" class=\"fas fa-minus\"><\/i><\/span>\n\t\t\t<span class='e-closed'><i aria-hidden=\"true\" class=\"fas fa-plus\"><\/i><\/span>\n\t\t<\/span>\n\n\t\t\t\t\t\t<\/summary>\n\t\t\t\t<div role=\"region\" aria-labelledby=\"e-n-accordion-item-2361\" class=\"elementor-element elementor-element-81da27e e-con-full e-flex e-con e-child\" data-id=\"81da27e\" data-element_type=\"container\">\n\t\t\t\t<div class=\"elementor-element elementor-element-3fd7d17 elementor-widget elementor-widget-text-editor\" data-id=\"3fd7d17\" data-element_type=\"widget\" data-widget_type=\"text-editor.default\">\n\t\t\t\t<div class=\"elementor-widget-container\">\n\t\t\t\t\t\t\t\t\t<ul><li>Gi\u00e0u ch\u1ea5t x\u01a1: M\u1ed9t trong nh\u1eefng lo\u1ea1i c\u00f3 h\u00e0m l\u01b0\u1ee3ng ch\u1ea5t x\u01a1 cao nh\u1ea5t trong rau.<\/li><li>H\u1ee3p ch\u1ea5t c\u00f3 ngu\u1ed3n g\u1ed1c th\u1ef1c v\u1eadt: Ch\u1ee9a polyphenol v\u00e0 c\u00e1c ch\u1ea5t ch\u1ed1ng oxy h\u00f3a t\u1ef1 nhi\u00ean kh\u00e1c.<\/li><li>Gi\u00e0u kho\u00e1ng ch\u1ea5t: Ngu\u1ed3n cung c\u1ea5p nhi\u1ec1u kho\u00e1ng ch\u1ea5t thi\u1ebft y\u1ebfu.<\/li><\/ul>\t\t\t\t\t\t\t\t<\/div>\n\t\t\t\t<\/div>\n\t\t\t\t<\/div>\n\t\t\t\t\t<\/details>\n\t\t\t\t\t<\/div>\n\t\t\t\t\t\t<\/div>\n\t\t\t\t<\/div>\n\t\t\t\t<div class=\"elementor-element elementor-element-b4b353b elementor-widget elementor-widget-button\" data-id=\"b4b353b\" data-element_type=\"widget\" data-widget_type=\"button.default\">\n\t\t\t\t<div class=\"elementor-widget-container\">\n\t\t\t\t\t\t\t\t\t<div class=\"elementor-button-wrapper\">\n\t\t\t\t\t<a class=\"elementor-button elementor-button-link elementor-size-sm\" href=\"mailto:tw09090911@gmail.com?subject=Whisky%20Order%20Inquiry:%20Minimum%20Order%20Quantity,%20Shipping,%20and%20Guidelines.\">\n\t\t\t\t\t\t<span class=\"elementor-button-content-wrapper\">\n\t\t\t\t\t\t\t\t\t<span class=\"elementor-button-text\">\u0110\u1eb7t h\u00e0ng ngay<\/span>\n\t\t\t\t\t<\/span>\n\t\t\t\t\t<\/a>\n\t\t\t\t<\/div>\n\t\t\t\t\t\t\t\t<\/div>\n\t\t\t\t<\/div>\n\t\t\t\t<\/div>\n\t\t\t\t\t<\/div>\n\t\t\t\t<\/div>\n\t\t<div class=\"elementor-element elementor-element-4659c19 e-flex e-con-boxed e-con e-parent\" data-id=\"4659c19\" data-element_type=\"container\">\n\t\t\t\t\t<div class=\"e-con-inner\">\n\t\t\t\t<div class=\"elementor-element elementor-element-5bd5f96 elementor-position-left elementor-position-top elementor-vertical-align-middle elementor-vertical-align-top elementor-widget elementor-widget-image-box\" data-id=\"5bd5f96\" data-element_type=\"widget\" data-widget_type=\"image-box.default\">\n\t\t\t\t<div class=\"elementor-widget-container\">\n\t\t\t\t\t<div class=\"elementor-image-box-wrapper\"><figure class=\"elementor-image-box-img\"><img decoding=\"async\" src=\"https:\/\/upload.wikimedia.org\/wikipedia\/commons\/thumb\/0\/08\/%E7%A6%81%E6%AD%A2%E9%85%92%E9%A7%95%E8%AD%A6%E7%A4%BA%E5%9C%96.svg\/2048px-%E7%A6%81%E6%AD%A2%E9%85%92%E9%A7%95%E8%AD%A6%E7%A4%BA%E5%9C%96.svg.png\" title=\"\" alt=\"\" loading=\"lazy\" \/><\/figure><div class=\"elementor-image-box-content\"><p class=\"elementor-image-box-description\"><ul><li>Ch\u1ec9 d\u00e0nh cho kh\u00e1ch h\u00e0ng \u0111\u1ee7 tu\u1ed5i u\u1ed1ng r\u01b0\u1ee3u h\u1ee3p ph\u00e1p. Vui l\u00f2ng ghi r\u00f5 th\u00f4ng b\u00e1o tr\u00ean trang.<\/li>\n<li>Kh\u00f4ng u\u1ed1ng r\u01b0\u1ee3u bia khi l\u00e1i xe. H\u00e3y \u0111\u1ea3m b\u1ea3o an to\u00e0n cho b\u1ea3n th\u00e2n v\u00e0 ng\u01b0\u1eddi kh\u00e1c.<\/li><\/ul><\/p><\/div><\/div>\t\t\t\t<\/div>\n\t\t\t\t<\/div>\n\t\t\t\t\t<\/div>\n\t\t\t\t<\/div>\n\t\t\t\t<\/div>","protected":false},"excerpt":{"rendered":"<p>R\u01b0\u1ee3u sake Yi Qi Zui \u2013 \u0110\u00e0i Loan. C\u00f4ng ty Wanglai Biotech \u0111\u00e3 ch\u1ecdn lo\u1ea1i g\u1ea1o th\u01a1m s\u1ed1 147 c\u1ee7a \u0110\u1ea1i H\u00f9ng, Cao H\u00f9ng, k\u1ebft h\u1ee3p ch\u1ea5t l\u01b0\u1ee3ng tuy\u1ec7t h\u1ea3o c\u1ee7a h\u1ea1t g\u1ea1o v\u1edbi d\u00f2ng men \u0111\u1eb7c bi\u1ec7t v\u00e0 tay ngh\u1ec1 c\u1ee7a c\u00e1c b\u1eadc th\u1ea7y n\u1ea5u r\u01b0\u1ee3u. Trong qu\u00e1 tr\u00ecnh s\u1ea3n xu\u1ea5t, h\u1ecd s\u1eed d\u1ee5ng n\u01b0\u1edbc tinh khi\u1ebft nh\u01b0 v\u00e0ng, ph\u01b0\u01a1ng ph\u00e1p chi\u1ebft xu\u1ea5t ng\u00e2m, l\u1ecdc ch\u00ednh x\u00e1c, kh\u1eed m\u00f9i, lo\u1ea1i b\u1ecf ch\u1ea5t b\u00e9o \u2013 nh\u1eefng b\u01b0\u1edbc t\u1ec9 m\u1ec9 m\u00e0 \u00edt ai c\u00f3 th\u1ec3 th\u1ef1c hi\u1ec7n \u0111\u01b0\u1ee3c. T\u1eeb s\u1ef1 t\u1eadn t\u00e2m \u0111\u00f3, Yi Qi Zui ra \u0111\u1eddi\u2026<\/p>","protected":false},"author":1,"featured_media":0,"parent":0,"menu_order":0,"comment_status":"closed","ping_status":"closed","template":"","meta":{"site-sidebar-layout":"no-sidebar","site-content-layout":"page-builder","ast-site-content-layout":"full-width-container","site-content-style":"default","site-sidebar-style":"default","ast-global-header-display":"","ast-banner-title-visibility":"","ast-main-header-display":"","ast-hfb-above-header-display":"","ast-hfb-below-header-display":"","ast-hfb-mobile-header-display":"","site-post-title":"","ast-breadcrumbs-content":"","ast-featured-img":"disabled","footer-sml-layout":"","theme-transparent-header-meta":"","adv-header-id-meta":"","stick-header-meta":"","header-above-stick-meta":"","header-main-stick-meta":"","header-below-stick-meta":"","astra-migrate-meta-layouts":"set","ast-page-background-enabled":"default","ast-page-background-meta":{"desktop":{"background-color":"","background-image":"","background-repeat":"repeat","background-position":"center center","background-size":"auto","background-attachment":"scroll","background-type":"","background-media":"","overlay-type":"","overlay-color":"","overlay-opacity":"","overlay-gradient":""},"tablet":{"background-color":"","background-image":"","background-repeat":"repeat","background-position":"center center","background-size":"auto","background-attachment":"scroll","background-type":"","background-media":"","overlay-type":"","overlay-color":"","overlay-opacity":"","overlay-gradient":""},"mobile":{"background-color":"","background-image":"","background-repeat":"repeat","background-position":"center center","background-size":"auto","background-attachment":"scroll","background-type":"","background-media":"","overlay-type":"","overlay-color":"","overlay-opacity":"","overlay-gradient":""}},"ast-content-background-meta":{"desktop":{"background-color":"var(--ast-global-color-5)","background-image":"","background-repeat":"repeat","background-position":"center center","background-size":"auto","background-attachment":"scroll","background-type":"","background-media":"","overlay-type":"","overlay-color":"","overlay-opacity":"","overlay-gradient":""},"tablet":{"background-color":"var(--ast-global-color-5)","background-image":"","background-repeat":"repeat","background-position":"center center","background-size":"auto","background-attachment":"scroll","background-type":"","background-media":"","overlay-type":"","overlay-color":"","overlay-opacity":"","overlay-gradient":""},"mobile":{"background-color":"var(--ast-global-color-5)","background-image":"","background-repeat":"repeat","background-position":"center center","background-size":"auto","background-attachment":"scroll","background-type":"","background-media":"","overlay-type":"","overlay-color":"","overlay-opacity":"","overlay-gradient":""}},"footnotes":""},"class_list":["post-1520","page","type-page","status-publish","hentry"],"_links":{"self":[{"href":"https:\/\/tw0909.com\/vi\/wp-json\/wp\/v2\/pages\/1520","targetHints":{"allow":["GET"]}}],"collection":[{"href":"https:\/\/tw0909.com\/vi\/wp-json\/wp\/v2\/pages"}],"about":[{"href":"https:\/\/tw0909.com\/vi\/wp-json\/wp\/v2\/types\/page"}],"author":[{"embeddable":true,"href":"https:\/\/tw0909.com\/vi\/wp-json\/wp\/v2\/users\/1"}],"replies":[{"embeddable":true,"href":"https:\/\/tw0909.com\/vi\/wp-json\/wp\/v2\/comments?post=1520"}],"version-history":[{"count":41,"href":"https:\/\/tw0909.com\/vi\/wp-json\/wp\/v2\/pages\/1520\/revisions"}],"predecessor-version":[{"id":1736,"href":"https:\/\/tw0909.com\/vi\/wp-json\/wp\/v2\/pages\/1520\/revisions\/1736"}],"wp:attachment":[{"href":"https:\/\/tw0909.com\/vi\/wp-json\/wp\/v2\/media?parent=1520"}],"curies":[{"name":"wp","href":"https:\/\/api.w.org\/{rel}","templated":true}]}}