{"id":145,"date":"2025-08-26T08:25:16","date_gmt":"2025-08-26T08:25:16","guid":{"rendered":"https:\/\/tw0909.com\/contact-us\/"},"modified":"2025-10-10T08:24:34","modified_gmt":"2025-10-10T08:24:34","slug":"lien-he-voi-chung-toi","status":"publish","type":"page","link":"https:\/\/tw0909.com\/vi\/lien-he-voi-chung-toi\/","title":{"rendered":"Li\u00ean h\u1ec7 v\u1edbi ch\u00fang t\u00f4i"},"content":{"rendered":"<div data-elementor-type=\"wp-page\" data-elementor-id=\"145\" class=\"elementor elementor-145\" data-elementor-post-type=\"page\">\n\t\t\t\t<div class=\"elementor-element elementor-element-6b57a57 e-flex e-con-boxed e-con e-parent\" data-id=\"6b57a57\" data-element_type=\"container\" data-settings=\"{&quot;background_background&quot;:&quot;classic&quot;}\">\n\t\t\t\t\t<div class=\"e-con-inner\">\n\t\t<div class=\"elementor-element elementor-element-daeab7b e-con-full e-flex e-con e-child\" data-id=\"daeab7b\" data-element_type=\"container\">\n\t\t\t\t<div class=\"elementor-element elementor-element-fa4b243 elementor-widget elementor-widget-heading\" data-id=\"fa4b243\" data-element_type=\"widget\" data-widget_type=\"heading.default\">\n\t\t\t\t<div class=\"elementor-widget-container\">\n\t\t\t\t\t<h4 class=\"elementor-heading-title elementor-size-default\">Li\u00ean h\u1ec7 v\u1edbi ch\u00fang t\u00f4i<\/h4>\t\t\t\t<\/div>\n\t\t\t\t<\/div>\n\t\t\t\t<div class=\"elementor-element elementor-element-3b754d1 elementor-widget-divider--view-line elementor-widget elementor-widget-divider\" data-id=\"3b754d1\" data-element_type=\"widget\" data-widget_type=\"divider.default\">\n\t\t\t\t<div class=\"elementor-widget-container\">\n\t\t\t\t\t\t\t<div class=\"elementor-divider\">\n\t\t\t<span class=\"elementor-divider-separator\">\n\t\t\t\t\t\t<\/span>\n\t\t<\/div>\n\t\t\t\t\t\t<\/div>\n\t\t\t\t<\/div>\n\t\t\t\t<div class=\"elementor-element elementor-element-b14724a elementor-widget elementor-widget-heading\" data-id=\"b14724a\" data-element_type=\"widget\" data-widget_type=\"heading.default\">\n\t\t\t\t<div class=\"elementor-widget-container\">\n\t\t\t\t\t<h1 class=\"elementor-heading-title elementor-size-default\">\u0110\u1ed1i t\u00e1c &amp; \u0110\u1ed5i m\u1edbi<\/h1>\t\t\t\t<\/div>\n\t\t\t\t<\/div>\n\t\t<div class=\"elementor-element elementor-element-68574b4 e-con-full e-flex e-con e-child\" data-id=\"68574b4\" data-element_type=\"container\">\n\t\t<div class=\"elementor-element elementor-element-6b036fb e-grid e-con-full e-con e-child\" data-id=\"6b036fb\" data-element_type=\"container\">\n\t\t\t\t<div class=\"elementor-element elementor-element-fccb8e3 elementor-widget elementor-widget-text-editor\" data-id=\"fccb8e3\" data-element_type=\"widget\" data-widget_type=\"text-editor.default\">\n\t\t\t\t<div class=\"elementor-widget-container\">\n\t\t\t\t\t\t\t\t\t<p>Gi\u1ea3i ph\u00e1p s\u1ea3n xu\u1ea5t v\u00e0 thi\u1ebft b\u1ecb \u1ed1ng h\u00fat gi\u1ea5y ph\u00e2n h\u1ee7y sinh h\u1ecdc kh\u00f4ng ch\u1ee9a PFAS<\/p>\t\t\t\t\t\t\t\t<\/div>\n\t\t\t\t<\/div>\n\t\t\t\t<div class=\"elementor-element elementor-element-65eaac2 elementor-widget elementor-widget-text-editor\" data-id=\"65eaac2\" data-element_type=\"widget\" data-widget_type=\"text-editor.default\">\n\t\t\t\t<div class=\"elementor-widget-container\">\n\t\t\t\t\t\t\t\t\t<p>Ch\u00fang t\u00f4i cung c\u1ea5p \u1ed1ng h\u00fat gi\u1ea5y li\u1ec1n kh\u1ed1i, kh\u00f4ng keo, kh\u00f4ng PFAS, c\u00f3 th\u1ec3 ph\u00e2n h\u1ee7y sinh h\u1ecdc, \u0111\u1ed9 b\u1ec1n cao, th\u00e2n thi\u1ec7n v\u1edbi m\u00f4i tr\u01b0\u1eddng v\u00e0 thi\u1ebft b\u1ecb s\u1ea3n xu\u1ea5t \u1ed1ng h\u00fat gi\u1ea5y \u0111\u01a1n, c\u00f4ng su\u1ea5t th\u1ea5p, hi\u1ec7u su\u1ea5t cao. Ch\u00fang t\u00f4i h\u1ed7 tr\u1ee3 OEM\/ODM, t\u00f9y ch\u1ec9nh laser th\u01b0\u01a1ng hi\u1ec7u, mua h\u00e0ng s\u1ec9 v\u00e0 tri\u1ec3n khai d\u00e2y chuy\u1ec1n s\u1ea3n xu\u1ea5t \u0111\u1ec3 gi\u00fap c\u00e1c chu\u1ed7i nh\u00e0 h\u00e0ng, nh\u00e0 ph\u00e2n ph\u1ed1i v\u00e0 nh\u00f3m ESG nhanh ch\u00f3ng tri\u1ec3n khai c\u00e1c gi\u1ea3i ph\u00e1p thay th\u1ebf b\u1ec1n v\u1eefng.<\/p>\t\t\t\t\t\t\t\t<\/div>\n\t\t\t\t<\/div>\n\t\t\t\t<\/div>\n\t\t\t\t<\/div>\n\t\t\t\t<\/div>\n\t\t\t\t\t<\/div>\n\t\t\t\t<\/div>\n\t\t<div class=\"elementor-element elementor-element-86bb6fe e-flex e-con-boxed e-con e-parent\" data-id=\"86bb6fe\" data-element_type=\"container\">\n\t\t\t\t\t<div class=\"e-con-inner\">\n\t\t<div class=\"elementor-element elementor-element-983c9c5 e-con-full e-flex e-con e-child\" data-id=\"983c9c5\" data-element_type=\"container\">\n\t\t<div class=\"elementor-element elementor-element-13efe21 e-con-full e-flex e-con e-child\" data-id=\"13efe21\" data-element_type=\"container\">\n\t\t<div class=\"elementor-element elementor-element-e6245ed e-con-full e-flex e-con e-child\" data-id=\"e6245ed\" data-element_type=\"container\">\n\t\t\t\t<div class=\"elementor-element elementor-element-0e49656 elementor-invisible elementor-widget elementor-widget-heading\" data-id=\"0e49656\" data-element_type=\"widget\" data-settings=\"{&quot;_animation&quot;:&quot;fadeInLeft&quot;}\" data-widget_type=\"heading.default\">\n\t\t\t\t<div class=\"elementor-widget-container\">\n\t\t\t\t\t<h2 class=\"elementor-heading-title elementor-size-default\">Chi ti\u1ebft li\u00ean l\u1ea1c<\/h2>\t\t\t\t<\/div>\n\t\t\t\t<\/div>\n\t\t<div class=\"elementor-element elementor-element-5f6625f e-con-full animated-slow e-flex elementor-invisible e-con e-child\" data-id=\"5f6625f\" data-element_type=\"container\" data-settings=\"{&quot;background_background&quot;:&quot;classic&quot;,&quot;animation&quot;:&quot;fadeInLeft&quot;}\">\n\t\t<div class=\"elementor-element elementor-element-b9a298c e-grid e-con-full e-con e-child\" data-id=\"b9a298c\" data-element_type=\"container\">\n\t\t\t\t<div class=\"elementor-element elementor-element-49a68fb elementor-position-left elementor-tablet-position-top elementor-view-default elementor-mobile-position-top elementor-widget elementor-widget-icon-box\" data-id=\"49a68fb\" data-element_type=\"widget\" data-widget_type=\"icon-box.default\">\n\t\t\t\t<div class=\"elementor-widget-container\">\n\t\t\t\t\t\t\t<div class=\"elementor-icon-box-wrapper\">\n\n\t\t\t\t\t\t<div class=\"elementor-icon-box-icon\">\n\t\t\t\t<a href=\"tel:+88666528528\" class=\"elementor-icon\" tabindex=\"-1\" aria-label=\"\u0110I\u1ec6N THO\u1ea0I\">\n\t\t\t\t<i aria-hidden=\"true\" class=\"fas fa-phone\"><\/i>\t\t\t\t<\/a>\n\t\t\t<\/div>\n\t\t\t\n\t\t\t\t\t\t<div class=\"elementor-icon-box-content\">\n\n\t\t\t\t\t\t\t\t\t<h4 class=\"elementor-icon-box-title\">\n\t\t\t\t\t\t<a href=\"tel:+88666528528\" >\n\t\t\t\t\t\t\t\u0110I\u1ec6N THO\u1ea0I\t\t\t\t\t\t<\/a>\n\t\t\t\t\t<\/h4>\n\t\t\t\t\n\t\t\t\t\t\t\t\t\t<p class=\"elementor-icon-box-description\">\n\t\t\t\t\t\t+886 6 652 8528\t\t\t\t\t<\/p>\n\t\t\t\t\n\t\t\t<\/div>\n\t\t\t\n\t\t<\/div>\n\t\t\t\t\t\t<\/div>\n\t\t\t\t<\/div>\n\t\t\t\t<div class=\"elementor-element elementor-element-44e73dc elementor-position-left elementor-tablet-position-top elementor-view-default elementor-mobile-position-top elementor-widget elementor-widget-icon-box\" data-id=\"44e73dc\" data-element_type=\"widget\" data-widget_type=\"icon-box.default\">\n\t\t\t\t<div class=\"elementor-widget-container\">\n\t\t\t\t\t\t\t<div class=\"elementor-icon-box-wrapper\">\n\n\t\t\t\t\t\t<div class=\"elementor-icon-box-icon\">\n\t\t\t\t<span  class=\"elementor-icon\">\n\t\t\t\t<i aria-hidden=\"true\" class=\"fas fa-fax\"><\/i>\t\t\t\t<\/span>\n\t\t\t<\/div>\n\t\t\t\n\t\t\t\t\t\t<div class=\"elementor-icon-box-content\">\n\n\t\t\t\t\t\t\t\t\t<h4 class=\"elementor-icon-box-title\">\n\t\t\t\t\t\t<span  >\n\t\t\t\t\t\t\tFAX\t\t\t\t\t\t<\/span>\n\t\t\t\t\t<\/h4>\n\t\t\t\t\n\t\t\t\t\t\t\t\t\t<p class=\"elementor-icon-box-description\">\n\t\t\t\t\t\t+886 6 652 7007\t\t\t\t\t<\/p>\n\t\t\t\t\n\t\t\t<\/div>\n\t\t\t\n\t\t<\/div>\n\t\t\t\t\t\t<\/div>\n\t\t\t\t<\/div>\n\t\t\t\t<div class=\"elementor-element elementor-element-8c47681 elementor-position-left elementor-tablet-position-top elementor-view-default elementor-mobile-position-top elementor-widget elementor-widget-icon-box\" data-id=\"8c47681\" data-element_type=\"widget\" data-widget_type=\"icon-box.default\">\n\t\t\t\t<div class=\"elementor-widget-container\">\n\t\t\t\t\t\t\t<div class=\"elementor-icon-box-wrapper\">\n\n\t\t\t\t\t\t<div class=\"elementor-icon-box-icon\">\n\t\t\t\t<a href=\"mailto:tw09090911@gmail.com\" class=\"elementor-icon\" tabindex=\"-1\" aria-label=\"E-mail\">\n\t\t\t\t<i aria-hidden=\"true\" class=\"fas fa-envelope\"><\/i>\t\t\t\t<\/a>\n\t\t\t<\/div>\n\t\t\t\n\t\t\t\t\t\t<div class=\"elementor-icon-box-content\">\n\n\t\t\t\t\t\t\t\t\t<h4 class=\"elementor-icon-box-title\">\n\t\t\t\t\t\t<a href=\"mailto:tw09090911@gmail.com\" >\n\t\t\t\t\t\t\tE-mail\t\t\t\t\t\t<\/a>\n\t\t\t\t\t<\/h4>\n\t\t\t\t\n\t\t\t\t\t\t\t\t\t<p class=\"elementor-icon-box-description\">\n\t\t\t\t\t\ttw09090911@gmail.com\t\t\t\t\t<\/p>\n\t\t\t\t\n\t\t\t<\/div>\n\t\t\t\n\t\t<\/div>\n\t\t\t\t\t\t<\/div>\n\t\t\t\t<\/div>\n\t\t\t\t<div class=\"elementor-element elementor-element-c517c57 elementor-position-left elementor-tablet-position-top elementor-view-default elementor-mobile-position-top elementor-widget elementor-widget-icon-box\" data-id=\"c517c57\" data-element_type=\"widget\" data-widget_type=\"icon-box.default\">\n\t\t\t\t<div class=\"elementor-widget-container\">\n\t\t\t\t\t\t\t<div class=\"elementor-icon-box-wrapper\">\n\n\t\t\t\t\t\t<div class=\"elementor-icon-box-icon\">\n\t\t\t\t<span  class=\"elementor-icon\">\n\t\t\t\t<i aria-hidden=\"true\" class=\"fas fa-map-marker-alt\"><\/i>\t\t\t\t<\/span>\n\t\t\t<\/div>\n\t\t\t\n\t\t\t\t\t\t<div class=\"elementor-icon-box-content\">\n\n\t\t\t\t\t\t\t\t\t<h4 class=\"elementor-icon-box-title\">\n\t\t\t\t\t\t<span  >\n\t\t\t\t\t\t\t\u0110\u1ecba ch\u1ec9\t\t\t\t\t\t<\/span>\n\t\t\t\t\t<\/h4>\n\t\t\t\t\n\t\t\t\t\t\t\t\t\t<p class=\"elementor-icon-box-description\">\n\t\t\t\t\t\tT\u1ea7ng 5, S\u1ed1 161, \u0110\u01b0\u1eddng Jiabei, Qu\u1eadn Jiali, Th\u00e0nh ph\u1ed1 \u0110\u00e0i Nam 722001, \u0110\u00e0i Loan (ROC)\t\t\t\t\t<\/p>\n\t\t\t\t\n\t\t\t<\/div>\n\t\t\t\n\t\t<\/div>\n\t\t\t\t\t\t<\/div>\n\t\t\t\t<\/div>\n\t\t\t\t<\/div>\n\t\t\t\t<\/div>\n\t\t\t\t<div class=\"elementor-element elementor-element-ecb14a4 elementor-position-left elementor-view-default elementor-mobile-position-top elementor-widget elementor-widget-icon-box\" data-id=\"ecb14a4\" data-element_type=\"widget\" data-widget_type=\"icon-box.default\">\n\t\t\t\t<div class=\"elementor-widget-container\">\n\t\t\t\t\t\t\t<div class=\"elementor-icon-box-wrapper\">\n\n\t\t\t\t\t\t<div class=\"elementor-icon-box-icon\">\n\t\t\t\t<span  class=\"elementor-icon\">\n\t\t\t\t<i aria-hidden=\"true\" class=\"fas fa-map-marker-alt\"><\/i>\t\t\t\t<\/span>\n\t\t\t<\/div>\n\t\t\t\n\t\t\t\t\t\t<div class=\"elementor-icon-box-content\">\n\n\t\t\t\t\t\t\t\t\t<h4 class=\"elementor-icon-box-title\">\n\t\t\t\t\t\t<span  >\n\t\t\t\t\t\t\tTrung t\u00e2m tri\u1ec3n l\u00e3m\t\t\t\t\t\t<\/span>\n\t\t\t\t\t<\/h4>\n\t\t\t\t\n\t\t\t\t\t\t\t\t\t<p class=\"elementor-icon-box-description\">\n\t\t\t\t\t\tS\u1ed1 80-26, \u0110\u1ed3ng An Li\u00eau, Qu\u1eadn Gia L\u00fd, Th\u00e0nh ph\u1ed1 \u0110\u00e0i Nam 722008, \u0110\u00e0i Loan (ROC)\t\t\t\t\t<\/p>\n\t\t\t\t\n\t\t\t<\/div>\n\t\t\t\n\t\t<\/div>\n\t\t\t\t\t\t<\/div>\n\t\t\t\t<\/div>\n\t\t\t\t<div class=\"elementor-element elementor-element-492f0eb elementor-widget elementor-widget-google_maps\" data-id=\"492f0eb\" data-element_type=\"widget\" data-widget_type=\"google_maps.default\">\n\t\t\t\t<div class=\"elementor-widget-container\">\n\t\t\t\t\t\t\t<div class=\"elementor-custom-embed\">\n\t\t\t<iframe loading=\"lazy\"\n\t\t\t\t\tsrc=\"https:\/\/maps.google.com\/maps?q=23.167789851663812%2C%20120.19879689701742&#038;t=m&#038;z=14&#038;output=embed&#038;iwloc=near\"\n\t\t\t\t\ttitle=\"23.167789851663812, 120.19879689701742\"\n\t\t\t\t\taria-label=\"23.167789851663812, 120.19879689701742\"\n\t\t\t><\/iframe>\n\t\t<\/div>\n\t\t\t\t\t\t<\/div>\n\t\t\t\t<\/div>\n\t\t\t\t<\/div>\n\t\t<div class=\"elementor-element elementor-element-73feb55 e-con-full e-flex elementor-invisible e-con e-child\" data-id=\"73feb55\" data-element_type=\"container\" data-settings=\"{&quot;animation&quot;:&quot;fadeInRight&quot;}\">\n\t\t\t\t<div class=\"elementor-element elementor-element-6426312 elementor-widget elementor-widget-heading\" data-id=\"6426312\" data-element_type=\"widget\" data-widget_type=\"heading.default\">\n\t\t\t\t<div class=\"elementor-widget-container\">\n\t\t\t\t\t<h2 class=\"elementor-heading-title elementor-size-default\">Vui l\u00f2ng cho ch\u00fang t\u00f4i bi\u1ebft y\u00eau c\u1ea7u c\u1ee7a b\u1ea1n<\/h2>\t\t\t\t<\/div>\n\t\t\t\t<\/div>\n\t\t\t\t<div class=\"elementor-element elementor-element-8c86366 elementor-widget elementor-widget-wp-widget-wpforms-widget\" data-id=\"8c86366\" data-element_type=\"widget\" data-widget_type=\"wp-widget-wpforms-widget.default\">\n\t\t\t\t<div class=\"elementor-widget-container\">\n\t\t\t\t\t<div class=\"wpforms-container\" id=\"wpforms-13\"><form id=\"wpforms-form-13\" class=\"wpforms-validate wpforms-form\" data-formid=\"13\" method=\"post\" enctype=\"multipart\/form-data\" action=\"\/vi\/wp-json\/wp\/v2\/pages\/145\" data-token=\"d69c1fe851735f358f99781de8a07f80\" data-token-time=\"1777034766\" data-trp-original-action=\"\/vi\/wp-json\/wp\/v2\/pages\/145\"><noscript class=\"wpforms-error-noscript\">Vui l\u00f2ng b\u1eadt JavaScript trong tr\u00ecnh duy\u1ec7t c\u1ee7a b\u1ea1n \u0111\u1ec3 ho\u00e0n th\u00e0nh bi\u1ec3u m\u1eabu n\u00e0y.<\/noscript><div class=\"wpforms-field-container\"><div id=\"wpforms-13-field_6-container\" class=\"wpforms-field wpforms-field-select wpforms-field-select-style-classic\" data-field-id=\"6\"><label class=\"wpforms-field-label\" for=\"wpforms-13-field_6\">B\u1ea1n quan t\u00e2m \u0111\u1ebfn s\u1ea3n ph\u1ea9m n\u00e0o? <span class=\"wpforms-required-label\">*<\/span><\/label><select id=\"wpforms-13-field_6\" class=\"wpforms-field-medium wpforms-field-required\" name=\"wpforms[fields][6]\" required=\"required\"><option value=\"One-Piece Formed Paper Straws\" >\u1ed0ng h\u00fat gi\u1ea5y d\u1ea1ng m\u1ed9t m\u1ea3nh<\/option><option value=\"Aged fruit vinegar\" >Gi\u1ea5m tr\u00e1i c\u00e2y l\u00e2u n\u0103m<\/option><option value=\"Pure water\" >N\u01b0\u1edbc tinh khi\u1ebft<\/option><option value=\"Handmade buckwheat noodles\" >M\u00ec ki\u1ec1u m\u1ea1ch th\u1ee7 c\u00f4ng<\/option><option value=\"Alcohol ( Whiskey \/ Sake )\" >R\u01b0\u1ee3u ( Whiskey \/ Sake )<\/option><option value=\"[NEW] Liquid aging device\" >[M\u1edaI] Thi\u1ebft b\u1ecb l\u00e3o h\u00f3a d\u1ea1ng l\u1ecfng<\/option><option value=\"Become a exclusive distributor\"  selected='selected'>Tr\u1edf th\u00e0nh nh\u00e0 ph\u00e2n ph\u1ed1i \u0111\u1ed9c quy\u1ec1n<\/option><\/select><\/div><div id=\"wpforms-13-field_9-container\" class=\"wpforms-field wpforms-field-name\" data-field-id=\"9\"><label class=\"wpforms-field-label\">T\u00ean <span class=\"wpforms-required-label\">*<\/span><\/label><div class=\"wpforms-field-row wpforms-field-medium\"><div class=\"wpforms-field-row-block wpforms-first wpforms-one-half\"><input type=\"text\" id=\"wpforms-13-field_9\" class=\"wpforms-field-name-first wpforms-field-required\" name=\"wpforms[fields][9][first]\" required><label for=\"wpforms-13-field_9\" class=\"wpforms-field-sublabel after\">T\u00ean<\/label><\/div><div class=\"wpforms-field-row-block wpforms-one-half\"><input type=\"text\" id=\"wpforms-13-field_9-last\" class=\"wpforms-field-name-last wpforms-field-required\" name=\"wpforms[fields][9][last]\" required><label for=\"wpforms-13-field_9-last\" class=\"wpforms-field-sublabel after\">H\u1ecd<\/label><\/div><\/div><\/div><div id=\"wpforms-13-field_8-container\" class=\"wpforms-field wpforms-field-number\" data-field-id=\"8\"><label class=\"wpforms-field-label\" for=\"wpforms-13-field_8\">\u0110i\u1ec7n tho\u1ea1i: <span class=\"wpforms-required-label\">*<\/span><\/label><input type=\"number\" id=\"wpforms-13-field_8\" class=\"wpforms-field-medium wpforms-field-required\" name=\"wpforms[fields][8]\" step=\"any\" required><\/div><div id=\"wpforms-13-field_4-container\" class=\"wpforms-field wpforms-field-text\" data-field-id=\"4\"><label class=\"wpforms-field-label\" for=\"wpforms-13-field_4\">B\u1ea1n mu\u1ed1n ch\u00fang t\u00f4i cung c\u1ea5p cho b\u1ea1n th\u00f4ng tin g\u00ec? <span class=\"wpforms-required-label\">*<\/span><\/label><input type=\"text\" id=\"wpforms-13-field_4\" class=\"wpforms-field-large wpforms-field-required\" name=\"wpforms[fields][4]\" required><div class=\"wpforms-field-description\">Catalog s\u1ea3n ph\u1ea9m ho\u1eb7c t\u1edd r\u01a1i \/ B\u1ea3ng gi\u00e1 (b\u00e1o gi\u00e1) \/ S\u1ed1 l\u01b0\u1ee3ng \u0111\u1eb7t h\u00e0ng t\u1ed1i thi\u1ec3u (MOQ) \/ \u0110i\u1ec1u kho\u1ea3n giao h\u00e0ng v\u00e0 th\u1eddi gian th\u1ef1c hi\u1ec7n \/ \u0110i\u1ec1u kho\u1ea3n thanh to\u00e1n<\/div><\/div><div id=\"wpforms-13-field_1-container\" class=\"wpforms-field wpforms-field-email\" data-field-id=\"1\"><label class=\"wpforms-field-label\" for=\"wpforms-13-field_1\">E-mail <span class=\"wpforms-required-label\">*<\/span><\/label><input type=\"email\" id=\"wpforms-13-field_1\" class=\"wpforms-field-large wpforms-field-required\" name=\"wpforms[fields][1]\" spellcheck=\"false\" required><\/div><\/div><!-- .wpforms-field-container --><div class=\"wpforms-field wpforms-field-hp\"><label for=\"wpforms-13-field-hp\" class=\"wpforms-field-label\">T\u00ean<\/label><input type=\"text\" name=\"wpforms[hp]\" id=\"wpforms-13-field-hp\" class=\"wpforms-field-medium\"><\/div><div class=\"wpforms-submit-container\" ><input type=\"hidden\" name=\"wpforms[id]\" value=\"13\"><input type=\"hidden\" name=\"page_title\" value=\"\"><input type=\"hidden\" name=\"page_url\" value=\"https:\/\/tw0909.com\/vi\/wp-json\/wp\/v2\/pages\/145\"><input type=\"hidden\" name=\"url_referer\" value=\"\"><button type=\"submit\" name=\"wpforms[submit]\" id=\"wpforms-submit-13\" class=\"wpforms-submit\" data-alt-text=\"Sending...\" data-submit-text=\"Submit\" aria-live=\"assertive\" value=\"wpforms-submit\">N\u1ed9p<\/button><br\/><br\/>\t\t<div id=\"cf-turnstile-wpf-1132783476\"\r\n\t\tclass=\"cf-turnstile\" \t\tdata-sitekey=\"0x4AAAAAABNooNodahlkcWDB\"\r\n\t\tdata-theme=\"light\"\r\n\t\tdata-language=\"auto\"\r\n\t\tdata-size=\"normal\"\r\n\t\tdata-retry=\"auto\" data-retry-interval=\"1000\"\r\n\t\tdata-action=\"wpforms-13\"\r\n\t\t\t\tdata-appearance=\"always\"><\/div>\r\n\t\t\t<script>document.addEventListener(\"DOMContentLoaded\", function() { setTimeout(function(){ var e=document.getElementById(\"cf-turnstile-wpf-1132783476\"); e&&!e.innerHTML.trim()&&(turnstile.remove(\"#cf-turnstile-wpf-1132783476\"), turnstile.render(\"#cf-turnstile-wpf-1132783476\", {sitekey:\"0x4AAAAAABNooNodahlkcWDB\"})); }, 0); });<\/script>\r\n\t\t\t<br class=\"cf-turnstile-br cf-turnstile-br-wpf-1132783476\">\r\n\t\t\t\t<style>#cf-turnstile-wpf-1132783476 { margin-left: -15px; }<\/style>\r\n\t\t<\/div><input type=\"hidden\" name=\"trp-form-language\" value=\"vi\"\/><\/form><\/div>  <!-- .wpforms-container -->\t\t\t\t<\/div>\n\t\t\t\t<\/div>\n\t\t\t\t<\/div>\n\t\t\t\t<\/div>\n\t\t\t\t<\/div>\n\t\t\t\t\t<\/div>\n\t\t\t\t<\/div>\n\t\t\t\t<\/div>","protected":false},"excerpt":{"rendered":"<p>Li\u00ean h\u1ec7 v\u1edbi ch\u00fang t\u00f4i H\u1ee3p t\u00e1c &amp; \u0110\u1ed5i m\u1edbi Gi\u1ea3i ph\u00e1p s\u1ea3n xu\u1ea5t v\u00e0 thi\u1ebft b\u1ecb \u1ed1ng h\u00fat gi\u1ea5y ph\u00e2n h\u1ee7y sinh h\u1ecdc t\u00edch h\u1ee3p kh\u00f4ng ch\u1ee9a PFAS Ch\u00fang t\u00f4i cung c\u1ea5p \u1ed1ng h\u00fat gi\u1ea5y th\u00e2n thi\u1ec7n v\u1edbi m\u00f4i tr\u01b0\u1eddng, b\u1ec1n cao, kh\u00f4ng keo, kh\u00f4ng ch\u1ee9a PFAS, c\u00f3 th\u1ec3 ph\u00e2n h\u1ee7y sinh h\u1ecdc, nguy\u00ean kh\u1ed1i v\u00e0 thi\u1ebft b\u1ecb s\u1ea3n xu\u1ea5t \u1ed1ng h\u00fat gi\u1ea5y hi\u1ec7u su\u1ea5t cao, c\u00f4ng su\u1ea5t th\u1ea5p, s\u1eed d\u1ee5ng m\u1ed9t l\u1edbp gi\u1ea5y duy nh\u1ea5t. Ch\u00fang t\u00f4i h\u1ed7 tr\u1ee3 OEM\/ODM, t\u00f9y ch\u1ec9nh laser th\u01b0\u01a1ng hi\u1ec7u, mua s\u1eafm b\u00e1n bu\u00f4n v\u00e0 tri\u1ec3n khai d\u00e2y chuy\u1ec1n s\u1ea3n xu\u1ea5t \u0111\u1ec3 gi\u00fap c\u00e1c chu\u1ed7i nh\u00e0 h\u00e0ng, nh\u00e0 ph\u00e2n ph\u1ed1i v\u00e0 \u0111\u1ed9i ng\u0169 ESG nhanh ch\u00f3ng [\u2026]<\/p>","protected":false},"author":1,"featured_media":0,"parent":0,"menu_order":0,"comment_status":"closed","ping_status":"closed","template":"","meta":{"site-sidebar-layout":"no-sidebar","site-content-layout":"page-builder","ast-site-content-layout":"default","site-content-style":"default","site-sidebar-style":"default","ast-global-header-display":"","ast-banner-title-visibility":"","ast-main-header-display":"","ast-hfb-above-header-display":"","ast-hfb-below-header-display":"","ast-hfb-mobile-header-display":"","site-post-title":"disabled","ast-breadcrumbs-content":"","ast-featured-img":"disabled","footer-sml-layout":"","theme-transparent-header-meta":"enabled","adv-header-id-meta":"","stick-header-meta":"","header-above-stick-meta":"","header-main-stick-meta":"","header-below-stick-meta":"","astra-migrate-meta-layouts":"default","ast-page-background-enabled":"default","ast-page-background-meta":{"desktop":{"background-color":"","background-image":"","background-repeat":"repeat","background-position":"center center","background-size":"auto","background-attachment":"scroll","background-type":"","background-media":"","overlay-type":"","overlay-color":"","overlay-opacity":"","overlay-gradient":""},"tablet":{"background-color":"","background-image":"","background-repeat":"repeat","background-position":"center center","background-size":"auto","background-attachment":"scroll","background-type":"","background-media":"","overlay-type":"","overlay-color":"","overlay-opacity":"","overlay-gradient":""},"mobile":{"background-color":"","background-image":"","background-repeat":"repeat","background-position":"center center","background-size":"auto","background-attachment":"scroll","background-type":"","background-media":"","overlay-type":"","overlay-color":"","overlay-opacity":"","overlay-gradient":""}},"ast-content-background-meta":{"desktop":{"background-color":"var(--ast-global-color-5)","background-image":"","background-repeat":"repeat","background-position":"center center","background-size":"auto","background-attachment":"scroll","background-type":"","background-media":"","overlay-type":"","overlay-color":"","overlay-opacity":"","overlay-gradient":""},"tablet":{"background-color":"var(--ast-global-color-5)","background-image":"","background-repeat":"repeat","background-position":"center center","background-size":"auto","background-attachment":"scroll","background-type":"","background-media":"","overlay-type":"","overlay-color":"","overlay-opacity":"","overlay-gradient":""},"mobile":{"background-color":"var(--ast-global-color-5)","background-image":"","background-repeat":"repeat","background-position":"center center","background-size":"auto","background-attachment":"scroll","background-type":"","background-media":"","overlay-type":"","overlay-color":"","overlay-opacity":"","overlay-gradient":""}},"footnotes":""},"class_list":["post-145","page","type-page","status-publish","hentry"],"_links":{"self":[{"href":"https:\/\/tw0909.com\/vi\/wp-json\/wp\/v2\/pages\/145","targetHints":{"allow":["GET"]}}],"collection":[{"href":"https:\/\/tw0909.com\/vi\/wp-json\/wp\/v2\/pages"}],"about":[{"href":"https:\/\/tw0909.com\/vi\/wp-json\/wp\/v2\/types\/page"}],"author":[{"embeddable":true,"href":"https:\/\/tw0909.com\/vi\/wp-json\/wp\/v2\/users\/1"}],"replies":[{"embeddable":true,"href":"https:\/\/tw0909.com\/vi\/wp-json\/wp\/v2\/comments?post=145"}],"version-history":[{"count":39,"href":"https:\/\/tw0909.com\/vi\/wp-json\/wp\/v2\/pages\/145\/revisions"}],"predecessor-version":[{"id":1774,"href":"https:\/\/tw0909.com\/vi\/wp-json\/wp\/v2\/pages\/145\/revisions\/1774"}],"wp:attachment":[{"href":"https:\/\/tw0909.com\/vi\/wp-json\/wp\/v2\/media?parent=145"}],"curies":[{"name":"wp","href":"https:\/\/api.w.org\/{rel}","templated":true}]}}